{"id":9195,"date":"2025-09-22T18:12:47","date_gmt":"2025-09-22T17:12:47","guid":{"rendered":"https:\/\/www.fredericlecloux.com\/?page_id=9195"},"modified":"2025-09-22T18:12:47","modified_gmt":"2025-09-22T17:12:47","slug":"12-x-12-conviviality","status":"publish","type":"page","link":"https:\/\/www.fredericlecloux.com\/en\/12-x-12-conviviality\/","title":{"rendered":"12 x 12 (Conviviality)"},"content":{"rendered":"<h5>Twelve twelve minutes films collected form the garden<\/h5>\n<blockquote><p>For Bruno Hulin<\/p><\/blockquote>\n<p>When arriving at the farm in early 2024, while looking for photographs, I noticed that the crevices and nooks of the building were inhabited by nesting birds.<\/p>\n<p>Although unfamiliar with video, I don&#8217;t know why it seemed less frightening to me to keep track of my experience with these birds and their use of the place by filming them rather than photographing them. Perhaps out of apprehension about wildlife photography, about which I know nothing and for which I am not equipped. Perhaps out of deference to Jean-Luc Mylayne. Without any further idea of \u200b\u200bhow to film birds, I improvised. The setup is simplistic: camera on a tripod, if necessary fixed to the top of a ladder, start recording, and disappear. The device stops recording after twelve minutes.<\/p>\n<p>Later on, a snowing tree attracted my attention, too. Plus tard, un arbre neigeant m\u2019a aussi fait signe. <span class=\"HwtZe\" lang=\"en\"><span class=\"jCAhz ChMk0b\"><span class=\"ryNqvb\">Even later, some birds agreed to be photographed.<\/span><\/span><\/span><\/p>\n<p>The twelve films will be uploaded as they are created.<\/p>\n<hr class=\"pixcode  pixcode--separator  separator separator--dotted\"\/>\n<h4>5 March 2025<\/h4>\n<div style=\"padding: 56.25% 0 0 0; position: relative;\"><iframe loading=\"lazy\" style=\"position: absolute; top: 0; left: 0;\" src=\"https:\/\/app.videas.fr\/embed\/media\/60b6e0f6-d284-4320-84b2-f6b0e57c1e76\/?title=false&amp;thumbnail_duration=false\" width=\"100%\" height=\"100%\" frameborder=\"0\" allowfullscreen=\"allowfullscreen\" data-mce-fragment=\"1\"><\/iframe><\/div>\n<h4>23 June 2024<\/h4>\n<div style=\"padding: 56.25% 0 0 0; position: relative;\"><iframe loading=\"lazy\" style=\"position: absolute; top: 0; left: 0;\" src=\"https:\/\/app.videas.fr\/embed\/media\/36d20f7e-8089-4875-a2ec-c2564542331b\/?title=false&amp;thumbnail_duration=false\" width=\"100%\" height=\"100%\" frameborder=\"0\" allowfullscreen=\"allowfullscreen\" data-mce-fragment=\"1\"><span style=\"display: inline-block; width: 0px; overflow: hidden; line-height: 0;\" data-mce-type=\"bookmark\" class=\"mce_SELRES_start\">\ufeff<\/span><\/iframe><\/div>\n<h4>1 June 2024<\/h4>\n<div style=\"padding: 56.25% 0 0 0; position: relative;\"><iframe loading=\"lazy\" style=\"position: absolute; top: 0; left: 0;\" src=\"https:\/\/app.videas.fr\/embed\/media\/5babdcfc-df3d-45ec-8a2f-519b4b772660\/?title=false&amp;thumbnail_duration=false\" width=\"100%\" height=\"100%\" frameborder=\"0\" allowfullscreen=\"allowfullscreen\" data-mce-fragment=\"1\"><\/iframe><\/div>\n<h4>26 May 2024<\/h4>\n<div style=\"padding: 56.25% 0 0 0; position: relative;\"><iframe loading=\"lazy\" style=\"position: absolute; top: 0; left: 0;\" src=\"https:\/\/app.videas.fr\/embed\/media\/3b27256d-37fb-44f4-bf85-33d0ddab463e\/?title=false&amp;thumbnail_duration=false\" width=\"100%\" height=\"100%\" frameborder=\"0\" allowfullscreen=\"allowfullscreen\" data-mce-fragment=\"1\"><\/iframe><\/div>\n<h4>9 May 2024<\/h4>\n<div style=\"padding: 56.25% 0 0 0; position: relative;\"><iframe loading=\"lazy\" style=\"position: absolute; top: 0; left: 0;\" src=\"https:\/\/app.videas.fr\/embed\/media\/ba0cfd26-10a2-41e2-9fec-1becb5a759c2\/?title=false&amp;thumbnail_duration=false\" width=\"100%\" height=\"100%\" frameborder=\"0\" allowfullscreen=\"allowfullscreen\" data-mce-fragment=\"1\"><\/iframe><\/div>\n<h4>1<sup>er<\/sup> May 2024<\/h4>\n<div style=\"padding: 56.25% 0 0 0; position: relative;\"><iframe loading=\"lazy\" style=\"position: absolute; top: 0; left: 0;\" src=\"https:\/\/app.videas.fr\/embed\/media\/3270fdda-942f-4eb4-8524-a8538763d883\/?title=false&amp;thumbnail_duration=false\" width=\"100%\" height=\"100%\" frameborder=\"0\" allowfullscreen=\"allowfullscreen\" data-mce-fragment=\"1\"><\/iframe><\/div>\n<p>&nbsp;<\/p>\n<hr class=\"pixcode  pixcode--separator  separator separator--dotted\"\/>\n<p><strong>12 x 12 min, colour, 2024<\/strong><\/p>\n<hr class=\"pixcode  pixcode--separator  separator separator--dotted\"\/>\n<p><em>12 x 12<\/em> is part of an artistic research on the possibility of photographing in the Anthropocene, initiated out of necessity and pursued thanks to a grant by the Direction r\u00e9gionale des affaires culturelles of the French ministry of Culture. The title of this research, <em>Conviviality<\/em>, is a direct quotation of Ivan Illich&#8217;s book,\u00a0<em>Tools for Conviviality <\/em>(Harper and Row, 1973).<\/p>\n","protected":false},"excerpt":{"rendered":"<p>Twelve twelve minutes films collected form the garden For Bruno Hulin When arriving at the farm in early 2024, while looking for photographs, I noticed that the crevices and nooks of the building were inhabited by nesting birds. Although unfamiliar with video, I don&#8217;t know why it seemed less frightening to me to keep track of my experience with these birds and their use of the place by filming them rather than photographing them. Perhaps out of apprehension about wildlife photography, about which I know nothing and for which I am not equipped. Perhaps out of deference to Jean-Luc Mylayne. [&hellip;]<\/p>\n","protected":false},"author":1,"featured_media":0,"parent":0,"menu_order":0,"comment_status":"closed","ping_status":"closed","template":"","meta":{"footnotes":""},"class_list":["post-9195","page","type-page","status-publish","hentry"],"yoast_head":"<!-- This site is optimized with the Yoast SEO plugin v27.4 - https:\/\/yoast.com\/product\/yoast-seo-wordpress\/ -->\n<title>12 x 12 (Conviviality) - Fr\u00e9d\u00e9ric Lecloux<\/title>\n<meta name=\"description\" content=\"12 x 12 (Conviviality) - Fr\u00e9d\u00e9ric Lecloux\" \/>\n<meta name=\"robots\" content=\"index, follow, max-snippet:-1, max-image-preview:large, max-video-preview:-1\" \/>\n<link rel=\"canonical\" href=\"https:\/\/www.fredericlecloux.com\/en\/12-x-12-conviviality\/\" \/>\n<meta name=\"twitter:label1\" content=\"Est. reading time\" \/>\n\t<meta name=\"twitter:data1\" content=\"2 minutes\" \/>\n<script type=\"application\/ld+json\" class=\"yoast-schema-graph\">{\"@context\":\"https:\\\/\\\/schema.org\",\"@graph\":[{\"@type\":\"WebPage\",\"@id\":\"https:\\\/\\\/www.fredericlecloux.com\\\/en\\\/12-x-12-conviviality\\\/\",\"url\":\"https:\\\/\\\/www.fredericlecloux.com\\\/en\\\/12-x-12-conviviality\\\/\",\"name\":\"12 x 12 (Conviviality) - Fr\u00e9d\u00e9ric Lecloux\",\"isPartOf\":{\"@id\":\"https:\\\/\\\/www.fredericlecloux.com\\\/#website\"},\"datePublished\":\"2025-09-22T17:12:47+00:00\",\"description\":\"12 x 12 (Conviviality) - Fr\u00e9d\u00e9ric Lecloux\",\"breadcrumb\":{\"@id\":\"https:\\\/\\\/www.fredericlecloux.com\\\/en\\\/12-x-12-conviviality\\\/#breadcrumb\"},\"inLanguage\":\"en-US\",\"potentialAction\":[{\"@type\":\"ReadAction\",\"target\":[\"https:\\\/\\\/www.fredericlecloux.com\\\/en\\\/12-x-12-conviviality\\\/\"]}]},{\"@type\":\"BreadcrumbList\",\"@id\":\"https:\\\/\\\/www.fredericlecloux.com\\\/en\\\/12-x-12-conviviality\\\/#breadcrumb\",\"itemListElement\":[{\"@type\":\"ListItem\",\"position\":1,\"name\":\"Accueil\",\"item\":\"https:\\\/\\\/www.fredericlecloux.com\\\/en\\\/\"},{\"@type\":\"ListItem\",\"position\":2,\"name\":\"12 x 12 (Conviviality)\"}]},{\"@type\":\"WebSite\",\"@id\":\"https:\\\/\\\/www.fredericlecloux.com\\\/#website\",\"url\":\"https:\\\/\\\/www.fredericlecloux.com\\\/\",\"name\":\"Fr\u00e9d\u00e9ric Lecloux\",\"description\":\"Photographer\",\"publisher\":{\"@id\":\"https:\\\/\\\/www.fredericlecloux.com\\\/#\\\/schema\\\/person\\\/28b8bff60a0a09d3f95842a1cab1ca01\"},\"potentialAction\":[{\"@type\":\"SearchAction\",\"target\":{\"@type\":\"EntryPoint\",\"urlTemplate\":\"https:\\\/\\\/www.fredericlecloux.com\\\/?s={search_term_string}\"},\"query-input\":{\"@type\":\"PropertyValueSpecification\",\"valueRequired\":true,\"valueName\":\"search_term_string\"}}],\"inLanguage\":\"en-US\"},{\"@type\":[\"Person\",\"Organization\"],\"@id\":\"https:\\\/\\\/www.fredericlecloux.com\\\/#\\\/schema\\\/person\\\/28b8bff60a0a09d3f95842a1cab1ca01\",\"name\":\"Fr\u00e9d\u00e9ric Lecloux\",\"logo\":{\"@id\":\"https:\\\/\\\/www.fredericlecloux.com\\\/#\\\/schema\\\/person\\\/image\\\/\"}}]}<\/script>\n<!-- \/ Yoast SEO plugin. -->","yoast_head_json":{"title":"12 x 12 (Conviviality) - Fr\u00e9d\u00e9ric Lecloux","description":"12 x 12 (Conviviality) - Fr\u00e9d\u00e9ric Lecloux","robots":{"index":"index","follow":"follow","max-snippet":"max-snippet:-1","max-image-preview":"max-image-preview:large","max-video-preview":"max-video-preview:-1"},"canonical":"https:\/\/www.fredericlecloux.com\/en\/12-x-12-conviviality\/","twitter_misc":{"Est. reading time":"2 minutes"},"schema":{"@context":"https:\/\/schema.org","@graph":[{"@type":"WebPage","@id":"https:\/\/www.fredericlecloux.com\/en\/12-x-12-conviviality\/","url":"https:\/\/www.fredericlecloux.com\/en\/12-x-12-conviviality\/","name":"12 x 12 (Conviviality) - Fr\u00e9d\u00e9ric Lecloux","isPartOf":{"@id":"https:\/\/www.fredericlecloux.com\/#website"},"datePublished":"2025-09-22T17:12:47+00:00","description":"12 x 12 (Conviviality) - Fr\u00e9d\u00e9ric Lecloux","breadcrumb":{"@id":"https:\/\/www.fredericlecloux.com\/en\/12-x-12-conviviality\/#breadcrumb"},"inLanguage":"en-US","potentialAction":[{"@type":"ReadAction","target":["https:\/\/www.fredericlecloux.com\/en\/12-x-12-conviviality\/"]}]},{"@type":"BreadcrumbList","@id":"https:\/\/www.fredericlecloux.com\/en\/12-x-12-conviviality\/#breadcrumb","itemListElement":[{"@type":"ListItem","position":1,"name":"Accueil","item":"https:\/\/www.fredericlecloux.com\/en\/"},{"@type":"ListItem","position":2,"name":"12 x 12 (Conviviality)"}]},{"@type":"WebSite","@id":"https:\/\/www.fredericlecloux.com\/#website","url":"https:\/\/www.fredericlecloux.com\/","name":"Fr\u00e9d\u00e9ric Lecloux","description":"Photographer","publisher":{"@id":"https:\/\/www.fredericlecloux.com\/#\/schema\/person\/28b8bff60a0a09d3f95842a1cab1ca01"},"potentialAction":[{"@type":"SearchAction","target":{"@type":"EntryPoint","urlTemplate":"https:\/\/www.fredericlecloux.com\/?s={search_term_string}"},"query-input":{"@type":"PropertyValueSpecification","valueRequired":true,"valueName":"search_term_string"}}],"inLanguage":"en-US"},{"@type":["Person","Organization"],"@id":"https:\/\/www.fredericlecloux.com\/#\/schema\/person\/28b8bff60a0a09d3f95842a1cab1ca01","name":"Fr\u00e9d\u00e9ric Lecloux","logo":{"@id":"https:\/\/www.fredericlecloux.com\/#\/schema\/person\/image\/"}}]}},"_links":{"self":[{"href":"https:\/\/www.fredericlecloux.com\/en\/wp-json\/wp\/v2\/pages\/9195","targetHints":{"allow":["GET"]}}],"collection":[{"href":"https:\/\/www.fredericlecloux.com\/en\/wp-json\/wp\/v2\/pages"}],"about":[{"href":"https:\/\/www.fredericlecloux.com\/en\/wp-json\/wp\/v2\/types\/page"}],"author":[{"embeddable":true,"href":"https:\/\/www.fredericlecloux.com\/en\/wp-json\/wp\/v2\/users\/1"}],"replies":[{"embeddable":true,"href":"https:\/\/www.fredericlecloux.com\/en\/wp-json\/wp\/v2\/comments?post=9195"}],"version-history":[{"count":1,"href":"https:\/\/www.fredericlecloux.com\/en\/wp-json\/wp\/v2\/pages\/9195\/revisions"}],"predecessor-version":[{"id":9196,"href":"https:\/\/www.fredericlecloux.com\/en\/wp-json\/wp\/v2\/pages\/9195\/revisions\/9196"}],"wp:attachment":[{"href":"https:\/\/www.fredericlecloux.com\/en\/wp-json\/wp\/v2\/media?parent=9195"}],"curies":[{"name":"wp","href":"https:\/\/api.w.org\/{rel}","templated":true}]}}