{"id":8677,"date":"2024-10-24T13:16:40","date_gmt":"2024-10-24T12:16:40","guid":{"rendered":"https:\/\/www.fredericlecloux.com\/?page_id=8677"},"modified":"2024-10-29T14:29:10","modified_gmt":"2024-10-29T13:29:10","slug":"lusure-du-monde-portfolio","status":"publish","type":"page","link":"https:\/\/www.fredericlecloux.com\/en\/lusure-du-monde-portfolio\/","title":{"rendered":"L&#8217;Usure du Monde (portfolio)"},"content":{"rendered":"<p><a title=\"Retour \u00e0 la liste des livres\" href=\"..\/gallery\/livres\/\"><i class=\"pixcode  pixcode--icon  icon-e-book      \"><\/i><\/a> <a title=\"Voir l'histoire\" href=\"..\/en\/portfolio\/lusure-du-monde-en\/\"><i class=\"pixcode  pixcode--icon  icon-e-camera      \"><\/i><\/a><\/p>\n<div class=\"entry__content\">\n<p>A fifteen photographs portfolio including four previously unreleased images, with a new text (in French), published on the occasion of the 20th anniversary of the journey of <em>L\u2019Usure du monde<\/em>.<\/p>\n<\/div>\n<hr class=\"pixcode  pixcode--separator  separator separator--dotted\"\/>\n<div class=\"pixcode  pixcode--row  row  \">\n\n<div class=\"col-12  hand-span-6 \">\n\n<h5>Le Bec en l&#8217;air Publisher, 2024<\/h5>\n<p>Limited and numbered edition of 100 copies, in a vintage clothe case, hand-printed and hand-sewn by <a href=\"http:\/\/www.marievanesse.com\/\" target=\"_blank\" rel=\"noopener\">Marie Vanesse<\/a>.<br \/>\n24 x 32 cm<br \/>\n15 plates of photographs printed on Fedrigoni Tatami White 170g<br \/>\n2 double spreads of text printed on uncoated paper 120g<br \/>\nFrench text.<\/p>\n<p>&nbsp;<\/p>\n<a class=\"pixcode  pixcode--btn  btn\" href=\"https:\/\/www.becair.com\" target=\"_blank\">Buy<\/a>\n<p>&nbsp;<\/p>\n\n<\/div>\n\n<div class=\"col-12  hand-span-6 \">\n\n<p><a href=\"https:\/\/www.fredericlecloux.com\/wpfl\/wp-content\/uploads\/2024\/10\/l1009280-2-site-scaled.jpg\"><img loading=\"lazy\" decoding=\"async\" class=\"alignnone wp-image-8694 size-medium\" src=\"https:\/\/www.fredericlecloux.com\/wpfl\/wp-content\/uploads\/2024\/10\/l1009280-2-site-300x200.jpg\" alt=\"L'Usure du monde, anniversary portfolio\" width=\"300\" height=\"200\" srcset=\"https:\/\/www.fredericlecloux.com\/wpfl\/wp-content\/uploads\/2024\/10\/l1009280-2-site-300x200.jpg 300w, https:\/\/www.fredericlecloux.com\/wpfl\/wp-content\/uploads\/2024\/10\/l1009280-2-site-1024x683.jpg 1024w, https:\/\/www.fredericlecloux.com\/wpfl\/wp-content\/uploads\/2024\/10\/l1009280-2-site-768x512.jpg 768w, https:\/\/www.fredericlecloux.com\/wpfl\/wp-content\/uploads\/2024\/10\/l1009280-2-site-1536x1024.jpg 1536w, https:\/\/www.fredericlecloux.com\/wpfl\/wp-content\/uploads\/2024\/10\/l1009280-2-site-2048x1365.jpg 2048w, https:\/\/www.fredericlecloux.com\/wpfl\/wp-content\/uploads\/2024\/10\/l1009280-2-site-800x533.jpg 800w, https:\/\/www.fredericlecloux.com\/wpfl\/wp-content\/uploads\/2024\/10\/l1009280-2-site-500x333.jpg 500w\" sizes=\"auto, (max-width: 300px) 100vw, 300px\" \/><\/a><\/p>\n\n<\/div>\n\n\n<\/div>\n\n<hr class=\"pixcode  pixcode--separator  separator separator--striped\"\/>\n","protected":false},"excerpt":{"rendered":"<p>A fifteen photographs portfolio including four previously unreleased images, with a new text (in French), published on the occasion of the 20th anniversary of the journey of L\u2019Usure du monde.<\/p>\n","protected":false},"author":1,"featured_media":0,"parent":0,"menu_order":0,"comment_status":"closed","ping_status":"closed","template":"","meta":{"footnotes":""},"class_list":["post-8677","page","type-page","status-publish","hentry"],"yoast_head":"<!-- This site is optimized with the Yoast SEO plugin v27.2 - https:\/\/yoast.com\/product\/yoast-seo-wordpress\/ -->\n<title>L&#039;Usure du Monde (portfolio) - Fr\u00e9d\u00e9ric Lecloux<\/title>\n<meta name=\"description\" content=\"L&#039;Usure du Monde (portfolio) - Fr\u00e9d\u00e9ric Lecloux\" \/>\n<meta name=\"robots\" content=\"index, follow, max-snippet:-1, max-image-preview:large, max-video-preview:-1\" \/>\n<link rel=\"canonical\" href=\"https:\/\/www.fredericlecloux.com\/en\/lusure-du-monde-portfolio\/\" \/>\n<meta name=\"twitter:label1\" content=\"Est. reading time\" \/>\n\t<meta name=\"twitter:data1\" content=\"1 minute\" \/>\n<script type=\"application\/ld+json\" class=\"yoast-schema-graph\">{\"@context\":\"https:\/\/schema.org\",\"@graph\":[{\"@type\":\"WebPage\",\"@id\":\"https:\/\/www.fredericlecloux.com\/en\/lusure-du-monde-portfolio\/\",\"url\":\"https:\/\/www.fredericlecloux.com\/en\/lusure-du-monde-portfolio\/\",\"name\":\"L'Usure du Monde (portfolio) - Fr\u00e9d\u00e9ric Lecloux\",\"isPartOf\":{\"@id\":\"https:\/\/www.fredericlecloux.com\/#website\"},\"primaryImageOfPage\":{\"@id\":\"https:\/\/www.fredericlecloux.com\/en\/lusure-du-monde-portfolio\/#primaryimage\"},\"image\":{\"@id\":\"https:\/\/www.fredericlecloux.com\/en\/lusure-du-monde-portfolio\/#primaryimage\"},\"thumbnailUrl\":\"https:\/\/www.fredericlecloux.com\/wpfl\/wp-content\/uploads\/2024\/10\/l1009280-2-site-300x200.jpg\",\"datePublished\":\"2024-10-24T12:16:40+00:00\",\"dateModified\":\"2024-10-29T13:29:10+00:00\",\"description\":\"L'Usure du Monde (portfolio) - Fr\u00e9d\u00e9ric Lecloux\",\"breadcrumb\":{\"@id\":\"https:\/\/www.fredericlecloux.com\/en\/lusure-du-monde-portfolio\/#breadcrumb\"},\"inLanguage\":\"en-US\",\"potentialAction\":[{\"@type\":\"ReadAction\",\"target\":[\"https:\/\/www.fredericlecloux.com\/en\/lusure-du-monde-portfolio\/\"]}]},{\"@type\":\"ImageObject\",\"inLanguage\":\"en-US\",\"@id\":\"https:\/\/www.fredericlecloux.com\/en\/lusure-du-monde-portfolio\/#primaryimage\",\"url\":\"https:\/\/www.fredericlecloux.com\/wpfl\/wp-content\/uploads\/2024\/10\/l1009280-2-site-300x200.jpg\",\"contentUrl\":\"https:\/\/www.fredericlecloux.com\/wpfl\/wp-content\/uploads\/2024\/10\/l1009280-2-site-300x200.jpg\"},{\"@type\":\"BreadcrumbList\",\"@id\":\"https:\/\/www.fredericlecloux.com\/en\/lusure-du-monde-portfolio\/#breadcrumb\",\"itemListElement\":[{\"@type\":\"ListItem\",\"position\":1,\"name\":\"Accueil\",\"item\":\"https:\/\/www.fredericlecloux.com\/en\/\"},{\"@type\":\"ListItem\",\"position\":2,\"name\":\"L&rsquo;Usure du Monde (portfolio)\"}]},{\"@type\":\"WebSite\",\"@id\":\"https:\/\/www.fredericlecloux.com\/#website\",\"url\":\"https:\/\/www.fredericlecloux.com\/\",\"name\":\"Fr\u00e9d\u00e9ric Lecloux\",\"description\":\"Photographer\",\"publisher\":{\"@id\":\"https:\/\/www.fredericlecloux.com\/#\/schema\/person\/28b8bff60a0a09d3f95842a1cab1ca01\"},\"potentialAction\":[{\"@type\":\"SearchAction\",\"target\":{\"@type\":\"EntryPoint\",\"urlTemplate\":\"https:\/\/www.fredericlecloux.com\/?s={search_term_string}\"},\"query-input\":{\"@type\":\"PropertyValueSpecification\",\"valueRequired\":true,\"valueName\":\"search_term_string\"}}],\"inLanguage\":\"en-US\"},{\"@type\":[\"Person\",\"Organization\"],\"@id\":\"https:\/\/www.fredericlecloux.com\/#\/schema\/person\/28b8bff60a0a09d3f95842a1cab1ca01\",\"name\":\"Fr\u00e9d\u00e9ric Lecloux\",\"logo\":{\"@id\":\"https:\/\/www.fredericlecloux.com\/#\/schema\/person\/image\/\"}}]}<\/script>\n<!-- \/ Yoast SEO plugin. -->","yoast_head_json":{"title":"L'Usure du Monde (portfolio) - Fr\u00e9d\u00e9ric Lecloux","description":"L'Usure du Monde (portfolio) - Fr\u00e9d\u00e9ric Lecloux","robots":{"index":"index","follow":"follow","max-snippet":"max-snippet:-1","max-image-preview":"max-image-preview:large","max-video-preview":"max-video-preview:-1"},"canonical":"https:\/\/www.fredericlecloux.com\/en\/lusure-du-monde-portfolio\/","twitter_misc":{"Est. reading time":"1 minute"},"schema":{"@context":"https:\/\/schema.org","@graph":[{"@type":"WebPage","@id":"https:\/\/www.fredericlecloux.com\/en\/lusure-du-monde-portfolio\/","url":"https:\/\/www.fredericlecloux.com\/en\/lusure-du-monde-portfolio\/","name":"L'Usure du Monde (portfolio) - Fr\u00e9d\u00e9ric Lecloux","isPartOf":{"@id":"https:\/\/www.fredericlecloux.com\/#website"},"primaryImageOfPage":{"@id":"https:\/\/www.fredericlecloux.com\/en\/lusure-du-monde-portfolio\/#primaryimage"},"image":{"@id":"https:\/\/www.fredericlecloux.com\/en\/lusure-du-monde-portfolio\/#primaryimage"},"thumbnailUrl":"https:\/\/www.fredericlecloux.com\/wpfl\/wp-content\/uploads\/2024\/10\/l1009280-2-site-300x200.jpg","datePublished":"2024-10-24T12:16:40+00:00","dateModified":"2024-10-29T13:29:10+00:00","description":"L'Usure du Monde (portfolio) - Fr\u00e9d\u00e9ric Lecloux","breadcrumb":{"@id":"https:\/\/www.fredericlecloux.com\/en\/lusure-du-monde-portfolio\/#breadcrumb"},"inLanguage":"en-US","potentialAction":[{"@type":"ReadAction","target":["https:\/\/www.fredericlecloux.com\/en\/lusure-du-monde-portfolio\/"]}]},{"@type":"ImageObject","inLanguage":"en-US","@id":"https:\/\/www.fredericlecloux.com\/en\/lusure-du-monde-portfolio\/#primaryimage","url":"https:\/\/www.fredericlecloux.com\/wpfl\/wp-content\/uploads\/2024\/10\/l1009280-2-site-300x200.jpg","contentUrl":"https:\/\/www.fredericlecloux.com\/wpfl\/wp-content\/uploads\/2024\/10\/l1009280-2-site-300x200.jpg"},{"@type":"BreadcrumbList","@id":"https:\/\/www.fredericlecloux.com\/en\/lusure-du-monde-portfolio\/#breadcrumb","itemListElement":[{"@type":"ListItem","position":1,"name":"Accueil","item":"https:\/\/www.fredericlecloux.com\/en\/"},{"@type":"ListItem","position":2,"name":"L&rsquo;Usure du Monde (portfolio)"}]},{"@type":"WebSite","@id":"https:\/\/www.fredericlecloux.com\/#website","url":"https:\/\/www.fredericlecloux.com\/","name":"Fr\u00e9d\u00e9ric Lecloux","description":"Photographer","publisher":{"@id":"https:\/\/www.fredericlecloux.com\/#\/schema\/person\/28b8bff60a0a09d3f95842a1cab1ca01"},"potentialAction":[{"@type":"SearchAction","target":{"@type":"EntryPoint","urlTemplate":"https:\/\/www.fredericlecloux.com\/?s={search_term_string}"},"query-input":{"@type":"PropertyValueSpecification","valueRequired":true,"valueName":"search_term_string"}}],"inLanguage":"en-US"},{"@type":["Person","Organization"],"@id":"https:\/\/www.fredericlecloux.com\/#\/schema\/person\/28b8bff60a0a09d3f95842a1cab1ca01","name":"Fr\u00e9d\u00e9ric Lecloux","logo":{"@id":"https:\/\/www.fredericlecloux.com\/#\/schema\/person\/image\/"}}]}},"_links":{"self":[{"href":"https:\/\/www.fredericlecloux.com\/en\/wp-json\/wp\/v2\/pages\/8677","targetHints":{"allow":["GET"]}}],"collection":[{"href":"https:\/\/www.fredericlecloux.com\/en\/wp-json\/wp\/v2\/pages"}],"about":[{"href":"https:\/\/www.fredericlecloux.com\/en\/wp-json\/wp\/v2\/types\/page"}],"author":[{"embeddable":true,"href":"https:\/\/www.fredericlecloux.com\/en\/wp-json\/wp\/v2\/users\/1"}],"replies":[{"embeddable":true,"href":"https:\/\/www.fredericlecloux.com\/en\/wp-json\/wp\/v2\/comments?post=8677"}],"version-history":[{"count":0,"href":"https:\/\/www.fredericlecloux.com\/en\/wp-json\/wp\/v2\/pages\/8677\/revisions"}],"wp:attachment":[{"href":"https:\/\/www.fredericlecloux.com\/en\/wp-json\/wp\/v2\/media?parent=8677"}],"curies":[{"name":"wp","href":"https:\/\/api.w.org\/{rel}","templated":true}]}}