{"id":8348,"date":"2024-04-27T14:23:57","date_gmt":"2024-04-27T13:23:57","guid":{"rendered":"https:\/\/www.fredericlecloux.com\/?page_id=8348"},"modified":"2024-04-27T14:32:04","modified_gmt":"2024-04-27T13:32:04","slug":"figures-with-absent-landscapes","status":"publish","type":"page","link":"https:\/\/www.fredericlecloux.com\/en\/figures-with-absent-landscapes\/","title":{"rendered":"Figures with absent landscapes"},"content":{"rendered":"<h5>17 e-kus inspired by the photographic albums of some Nepali families in Nottingham<\/h5>\n<p>In 2017, thanks to the dedication and confidence of Dr Jean-Xavier Ridon, Fr\u00e9d\u00e9ric Lecloux is the recipient of a Leverhulme Trust grant which allows him to be an artist in residence at the University of Nottingham. He is working there with the local Nepali community. His project is to look into their representations of their migratory experience in the UK by the means of their family albums and through a personal reinterpretation of these pictures in the form of aseries of 17 e-kus, a 17 seconds multimedia poem.<\/p>\n<hr class=\"pixcode  pixcode--separator  separator separator--dotted\"\/>\n<p><iframe loading=\"lazy\" title=\"vimeo-player\" src=\"https:\/\/player.vimeo.com\/video\/227123113?h=965d28e5c9\" width=\"640\" height=\"360\" frameborder=\"0\" allowfullscreen=\"allowfullscreen\"><\/iframe><\/p>\n<hr class=\"pixcode  pixcode--separator  separator separator--dotted\"\/>\n<p><a href=\"https:\/\/www.leverhulme.ac.uk\/\" target=\"_blank\" rel=\"noopener noreferrer\"><img loading=\"lazy\" decoding=\"async\" class=\"alignnone wp-image-5029\" src=\"https:\/\/www.fredericlecloux.com\/wpfl\/wp-content\/uploads\/2017\/09\/leverhulme-300x100.png\" alt=\"Leverhulme Trust logo\" width=\"250\" height=\"84\" srcset=\"https:\/\/www.fredericlecloux.com\/wpfl\/wp-content\/uploads\/2017\/09\/leverhulme-300x100.png 300w, https:\/\/www.fredericlecloux.com\/wpfl\/wp-content\/uploads\/2017\/09\/leverhulme-768x257.png 768w, https:\/\/www.fredericlecloux.com\/wpfl\/wp-content\/uploads\/2017\/09\/leverhulme-1024x342.png 1024w, https:\/\/www.fredericlecloux.com\/wpfl\/wp-content\/uploads\/2017\/09\/leverhulme-800x267.png 800w, https:\/\/www.fredericlecloux.com\/wpfl\/wp-content\/uploads\/2017\/09\/leverhulme-500x167.png 500w, https:\/\/www.fredericlecloux.com\/wpfl\/wp-content\/uploads\/2017\/09\/leverhulme.png 1200w\" sizes=\"auto, (max-width: 250px) 100vw, 250px\" \/><\/a><a href=\"https:\/\/www.nottingham.ac.uk\/\" target=\"_blank\" rel=\"noopener noreferrer\"><img loading=\"lazy\" decoding=\"async\" class=\"alignnone wp-image-5031\" src=\"https:\/\/www.fredericlecloux.com\/wpfl\/wp-content\/uploads\/2017\/09\/uon-300x136.png\" alt=\"University of Nottingham logo\" width=\"250\" height=\"113\" srcset=\"https:\/\/www.fredericlecloux.com\/wpfl\/wp-content\/uploads\/2017\/09\/uon-300x136.png 300w, https:\/\/www.fredericlecloux.com\/wpfl\/wp-content\/uploads\/2017\/09\/uon-500x227.png 500w, https:\/\/www.fredericlecloux.com\/wpfl\/wp-content\/uploads\/2017\/09\/uon.png 600w\" sizes=\"auto, (max-width: 250px) 100vw, 250px\" \/><\/a><\/p>\n<hr class=\"pixcode  pixcode--separator  separator separator--dotted\"\/>\n<p>The e-kus were screened during the exhibition of the project\u2019s outcome at the Highfield House on the University Park campus between 10 and 24 November 2017.<br \/>\n<a href=\"..\/..\/..\/downloads\/figures_expo_details.pdf\" target=\"_blank\" rel=\"noopener noreferrer\">Download the presentation of the exhibition<\/a>.<\/p>\n<hr class=\"pixcode  pixcode--separator  separator separator--dotted\"\/>\nThe diary of this residence is published <a class=\"western\" href=\"..\/..\/category\/figures-with-absent-landscapes\/\" target=\"_blank\" rel=\"noopener noreferrer\">on the blog<\/a>.<\/p>\n","protected":false},"excerpt":{"rendered":"<p>17 e-kus inspired by the photographic albums of some Nepali families in Nottingham In 2017, thanks to the dedication and confidence of Dr Jean-Xavier Ridon, Fr\u00e9d\u00e9ric Lecloux is the recipient of a Leverhulme Trust grant which allows him to be an artist in residence at the University of Nottingham. He is working there with the local Nepali community. His project is to look into their representations of their migratory experience in the UK by the means of their family albums and through a personal reinterpretation of these pictures in the form of aseries of 17 e-kus, a 17 seconds multimedia [&hellip;]<\/p>\n","protected":false},"author":1,"featured_media":0,"parent":0,"menu_order":0,"comment_status":"closed","ping_status":"closed","template":"","meta":{"footnotes":""},"class_list":["post-8348","page","type-page","status-publish","hentry"],"yoast_head":"<!-- This site is optimized with the Yoast SEO plugin v27.4 - https:\/\/yoast.com\/product\/yoast-seo-wordpress\/ -->\n<title>Figures with absent landscapes - Fr\u00e9d\u00e9ric Lecloux<\/title>\n<meta name=\"description\" content=\"Figures with absent landscapes - Fr\u00e9d\u00e9ric Lecloux\" \/>\n<meta name=\"robots\" content=\"index, follow, max-snippet:-1, max-image-preview:large, max-video-preview:-1\" \/>\n<link rel=\"canonical\" href=\"https:\/\/www.fredericlecloux.com\/en\/figures-with-absent-landscapes\/\" \/>\n<meta name=\"twitter:label1\" content=\"Est. reading time\" \/>\n\t<meta name=\"twitter:data1\" content=\"2 minutes\" \/>\n<script type=\"application\/ld+json\" class=\"yoast-schema-graph\">{\"@context\":\"https:\\\/\\\/schema.org\",\"@graph\":[{\"@type\":\"WebPage\",\"@id\":\"https:\\\/\\\/www.fredericlecloux.com\\\/en\\\/figures-with-absent-landscapes\\\/\",\"url\":\"https:\\\/\\\/www.fredericlecloux.com\\\/en\\\/figures-with-absent-landscapes\\\/\",\"name\":\"Figures with absent landscapes - Fr\u00e9d\u00e9ric Lecloux\",\"isPartOf\":{\"@id\":\"https:\\\/\\\/www.fredericlecloux.com\\\/#website\"},\"primaryImageOfPage\":{\"@id\":\"https:\\\/\\\/www.fredericlecloux.com\\\/en\\\/figures-with-absent-landscapes\\\/#primaryimage\"},\"image\":{\"@id\":\"https:\\\/\\\/www.fredericlecloux.com\\\/en\\\/figures-with-absent-landscapes\\\/#primaryimage\"},\"thumbnailUrl\":\"https:\\\/\\\/www.fredericlecloux.com\\\/wpfl\\\/wp-content\\\/uploads\\\/2017\\\/09\\\/leverhulme-300x100.png\",\"datePublished\":\"2024-04-27T13:23:57+00:00\",\"dateModified\":\"2024-04-27T13:32:04+00:00\",\"description\":\"Figures with absent landscapes - Fr\u00e9d\u00e9ric Lecloux\",\"breadcrumb\":{\"@id\":\"https:\\\/\\\/www.fredericlecloux.com\\\/en\\\/figures-with-absent-landscapes\\\/#breadcrumb\"},\"inLanguage\":\"en-US\",\"potentialAction\":[{\"@type\":\"ReadAction\",\"target\":[\"https:\\\/\\\/www.fredericlecloux.com\\\/en\\\/figures-with-absent-landscapes\\\/\"]}]},{\"@type\":\"ImageObject\",\"inLanguage\":\"en-US\",\"@id\":\"https:\\\/\\\/www.fredericlecloux.com\\\/en\\\/figures-with-absent-landscapes\\\/#primaryimage\",\"url\":\"https:\\\/\\\/www.fredericlecloux.com\\\/wpfl\\\/wp-content\\\/uploads\\\/2017\\\/09\\\/leverhulme-300x100.png\",\"contentUrl\":\"https:\\\/\\\/www.fredericlecloux.com\\\/wpfl\\\/wp-content\\\/uploads\\\/2017\\\/09\\\/leverhulme-300x100.png\"},{\"@type\":\"BreadcrumbList\",\"@id\":\"https:\\\/\\\/www.fredericlecloux.com\\\/en\\\/figures-with-absent-landscapes\\\/#breadcrumb\",\"itemListElement\":[{\"@type\":\"ListItem\",\"position\":1,\"name\":\"Accueil\",\"item\":\"https:\\\/\\\/www.fredericlecloux.com\\\/en\\\/\"},{\"@type\":\"ListItem\",\"position\":2,\"name\":\"Figures with absent landscapes\"}]},{\"@type\":\"WebSite\",\"@id\":\"https:\\\/\\\/www.fredericlecloux.com\\\/#website\",\"url\":\"https:\\\/\\\/www.fredericlecloux.com\\\/\",\"name\":\"Fr\u00e9d\u00e9ric Lecloux\",\"description\":\"Photographer\",\"publisher\":{\"@id\":\"https:\\\/\\\/www.fredericlecloux.com\\\/#\\\/schema\\\/person\\\/28b8bff60a0a09d3f95842a1cab1ca01\"},\"potentialAction\":[{\"@type\":\"SearchAction\",\"target\":{\"@type\":\"EntryPoint\",\"urlTemplate\":\"https:\\\/\\\/www.fredericlecloux.com\\\/?s={search_term_string}\"},\"query-input\":{\"@type\":\"PropertyValueSpecification\",\"valueRequired\":true,\"valueName\":\"search_term_string\"}}],\"inLanguage\":\"en-US\"},{\"@type\":[\"Person\",\"Organization\"],\"@id\":\"https:\\\/\\\/www.fredericlecloux.com\\\/#\\\/schema\\\/person\\\/28b8bff60a0a09d3f95842a1cab1ca01\",\"name\":\"Fr\u00e9d\u00e9ric Lecloux\",\"logo\":{\"@id\":\"https:\\\/\\\/www.fredericlecloux.com\\\/#\\\/schema\\\/person\\\/image\\\/\"}}]}<\/script>\n<!-- \/ Yoast SEO plugin. -->","yoast_head_json":{"title":"Figures with absent landscapes - Fr\u00e9d\u00e9ric Lecloux","description":"Figures with absent landscapes - Fr\u00e9d\u00e9ric Lecloux","robots":{"index":"index","follow":"follow","max-snippet":"max-snippet:-1","max-image-preview":"max-image-preview:large","max-video-preview":"max-video-preview:-1"},"canonical":"https:\/\/www.fredericlecloux.com\/en\/figures-with-absent-landscapes\/","twitter_misc":{"Est. reading time":"2 minutes"},"schema":{"@context":"https:\/\/schema.org","@graph":[{"@type":"WebPage","@id":"https:\/\/www.fredericlecloux.com\/en\/figures-with-absent-landscapes\/","url":"https:\/\/www.fredericlecloux.com\/en\/figures-with-absent-landscapes\/","name":"Figures with absent landscapes - Fr\u00e9d\u00e9ric Lecloux","isPartOf":{"@id":"https:\/\/www.fredericlecloux.com\/#website"},"primaryImageOfPage":{"@id":"https:\/\/www.fredericlecloux.com\/en\/figures-with-absent-landscapes\/#primaryimage"},"image":{"@id":"https:\/\/www.fredericlecloux.com\/en\/figures-with-absent-landscapes\/#primaryimage"},"thumbnailUrl":"https:\/\/www.fredericlecloux.com\/wpfl\/wp-content\/uploads\/2017\/09\/leverhulme-300x100.png","datePublished":"2024-04-27T13:23:57+00:00","dateModified":"2024-04-27T13:32:04+00:00","description":"Figures with absent landscapes - Fr\u00e9d\u00e9ric Lecloux","breadcrumb":{"@id":"https:\/\/www.fredericlecloux.com\/en\/figures-with-absent-landscapes\/#breadcrumb"},"inLanguage":"en-US","potentialAction":[{"@type":"ReadAction","target":["https:\/\/www.fredericlecloux.com\/en\/figures-with-absent-landscapes\/"]}]},{"@type":"ImageObject","inLanguage":"en-US","@id":"https:\/\/www.fredericlecloux.com\/en\/figures-with-absent-landscapes\/#primaryimage","url":"https:\/\/www.fredericlecloux.com\/wpfl\/wp-content\/uploads\/2017\/09\/leverhulme-300x100.png","contentUrl":"https:\/\/www.fredericlecloux.com\/wpfl\/wp-content\/uploads\/2017\/09\/leverhulme-300x100.png"},{"@type":"BreadcrumbList","@id":"https:\/\/www.fredericlecloux.com\/en\/figures-with-absent-landscapes\/#breadcrumb","itemListElement":[{"@type":"ListItem","position":1,"name":"Accueil","item":"https:\/\/www.fredericlecloux.com\/en\/"},{"@type":"ListItem","position":2,"name":"Figures with absent landscapes"}]},{"@type":"WebSite","@id":"https:\/\/www.fredericlecloux.com\/#website","url":"https:\/\/www.fredericlecloux.com\/","name":"Fr\u00e9d\u00e9ric Lecloux","description":"Photographer","publisher":{"@id":"https:\/\/www.fredericlecloux.com\/#\/schema\/person\/28b8bff60a0a09d3f95842a1cab1ca01"},"potentialAction":[{"@type":"SearchAction","target":{"@type":"EntryPoint","urlTemplate":"https:\/\/www.fredericlecloux.com\/?s={search_term_string}"},"query-input":{"@type":"PropertyValueSpecification","valueRequired":true,"valueName":"search_term_string"}}],"inLanguage":"en-US"},{"@type":["Person","Organization"],"@id":"https:\/\/www.fredericlecloux.com\/#\/schema\/person\/28b8bff60a0a09d3f95842a1cab1ca01","name":"Fr\u00e9d\u00e9ric Lecloux","logo":{"@id":"https:\/\/www.fredericlecloux.com\/#\/schema\/person\/image\/"}}]}},"_links":{"self":[{"href":"https:\/\/www.fredericlecloux.com\/en\/wp-json\/wp\/v2\/pages\/8348","targetHints":{"allow":["GET"]}}],"collection":[{"href":"https:\/\/www.fredericlecloux.com\/en\/wp-json\/wp\/v2\/pages"}],"about":[{"href":"https:\/\/www.fredericlecloux.com\/en\/wp-json\/wp\/v2\/types\/page"}],"author":[{"embeddable":true,"href":"https:\/\/www.fredericlecloux.com\/en\/wp-json\/wp\/v2\/users\/1"}],"replies":[{"embeddable":true,"href":"https:\/\/www.fredericlecloux.com\/en\/wp-json\/wp\/v2\/comments?post=8348"}],"version-history":[{"count":0,"href":"https:\/\/www.fredericlecloux.com\/en\/wp-json\/wp\/v2\/pages\/8348\/revisions"}],"wp:attachment":[{"href":"https:\/\/www.fredericlecloux.com\/en\/wp-json\/wp\/v2\/media?parent=8348"}],"curies":[{"name":"wp","href":"https:\/\/api.w.org\/{rel}","templated":true}]}}