{"id":767,"date":"2015-07-18T12:34:47","date_gmt":"2015-07-18T11:33:34","guid":{"rendered":"http:\/\/www.fredericlecloux.com\/wpfl\/?page_id=767"},"modified":"2018-02-14T10:12:48","modified_gmt":"2018-02-14T09:12:48","slug":"etonnamment-etonnee-book","status":"publish","type":"page","link":"https:\/\/www.fredericlecloux.com\/en\/etonnamment-etonnee-book\/","title":{"rendered":"\u00c9tonnamment \u00e9tonn\u00e9e"},"content":{"rendered":"<p><a title=\"Back to the books\" href=\"..\/gallery\/books\/\"><i class=\"pixcode  pixcode--icon  icon-e-book      \"><\/i><\/a><\/p>\n<p>\u00ab A description of La Friche la Belle de Mai, with delicate pieces of fiction inside \u00bb. A book commissioned by La Friche la Belle de mai in Marseille to the authors Arno Bertina (text) et Fr\u00e9d\u00e9ric Lecloux (photographs).<\/p>\n<hr class=\"pixcode  pixcode--separator  separator separator--dotted\"\/>\n<div class=\"pixcode  pixcode--row  row  \">\n\n<div class=\"col-12  hand-span-6 \">\n\n<h5>Le Bec en l&#8217;air publisher, 2013<\/h5>\n<p>21 x 28 cm<br \/>\nISBN 978-2-36744-047-7<br \/>\n144 pages<br \/>\nHardback<br \/>\n50 colour photographs<br \/>\nText: Arno Bertina<br \/>\nLanguage: French<\/p>\n<a class=\"pixcode  pixcode--btn  btn\" href=\"http:\/\/www.becair.com\/livre\/etonnamment-etonnee\/\" target=\"_blank\">Buy<\/a>\n\n<\/div>\n\n<div class=\"col-12  hand-span-6 \">\n\n<p><a href=\"\/\/www.fredericlecloux.com\/wpfl\/wp-content\/uploads\/2015\/07\/ee_couv_bd.jpg\"><img loading=\"lazy\" decoding=\"async\" class=\"alignnone wp-image-343 size-medium\" src=\"\/\/www.fredericlecloux.com\/wpfl\/wp-content\/uploads\/2015\/07\/ee_couv_bd-207x300.jpg\" alt=\"\u00c9tonnamment \u00e9tonn\u00e9e, Le Bec en l'air, 2013\" width=\"207\" height=\"300\" srcset=\"https:\/\/www.fredericlecloux.com\/wpfl\/wp-content\/uploads\/2015\/07\/ee_couv_bd-207x300.jpg 207w, https:\/\/www.fredericlecloux.com\/wpfl\/wp-content\/uploads\/2015\/07\/ee_couv_bd.jpg 413w\" sizes=\"auto, (max-width: 207px) 100vw, 207px\" \/><\/a><\/p>\n\n<\/div>\n\n\n<\/div>\n\n<p>&nbsp;<\/p>\n<hr class=\"pixcode  pixcode--separator  separator separator--striped\"\/>\n","protected":false},"excerpt":{"rendered":"<p>\u00ab A description of La Friche la Belle de Mai, with delicate pieces of fiction inside \u00bb. A book commissioned by La Friche la Belle de mai in Marseille to the authors Arno Bertina (text) et Fr\u00e9d\u00e9ric Lecloux (photographs). &nbsp;<\/p>\n","protected":false},"author":1,"featured_media":0,"parent":0,"menu_order":0,"comment_status":"closed","ping_status":"closed","template":"","meta":{"footnotes":""},"class_list":["post-767","page","type-page","status-publish","hentry"],"yoast_head":"<!-- This site is optimized with the Yoast SEO plugin v27.4 - https:\/\/yoast.com\/product\/yoast-seo-wordpress\/ -->\n<title>\u00c9tonnamment \u00e9tonn\u00e9e - Fr\u00e9d\u00e9ric Lecloux<\/title>\n<meta name=\"description\" content=\"\u00c9tonnamment \u00e9tonn\u00e9e - Fr\u00e9d\u00e9ric Lecloux\" \/>\n<meta name=\"robots\" content=\"index, follow, max-snippet:-1, max-image-preview:large, max-video-preview:-1\" \/>\n<link rel=\"canonical\" href=\"https:\/\/www.fredericlecloux.com\/en\/etonnamment-etonnee-book\/\" \/>\n<script type=\"application\/ld+json\" class=\"yoast-schema-graph\">{\"@context\":\"https:\\\/\\\/schema.org\",\"@graph\":[{\"@type\":\"WebPage\",\"@id\":\"https:\\\/\\\/www.fredericlecloux.com\\\/en\\\/etonnamment-etonnee-book\\\/\",\"url\":\"https:\\\/\\\/www.fredericlecloux.com\\\/en\\\/etonnamment-etonnee-book\\\/\",\"name\":\"\u00c9tonnamment \u00e9tonn\u00e9e - Fr\u00e9d\u00e9ric Lecloux\",\"isPartOf\":{\"@id\":\"https:\\\/\\\/www.fredericlecloux.com\\\/#website\"},\"datePublished\":\"2015-07-18T11:33:34+00:00\",\"dateModified\":\"2018-02-14T09:12:48+00:00\",\"description\":\"\u00c9tonnamment \u00e9tonn\u00e9e - Fr\u00e9d\u00e9ric Lecloux\",\"breadcrumb\":{\"@id\":\"https:\\\/\\\/www.fredericlecloux.com\\\/en\\\/etonnamment-etonnee-book\\\/#breadcrumb\"},\"inLanguage\":\"en-US\",\"potentialAction\":[{\"@type\":\"ReadAction\",\"target\":[\"https:\\\/\\\/www.fredericlecloux.com\\\/en\\\/etonnamment-etonnee-book\\\/\"]}]},{\"@type\":\"BreadcrumbList\",\"@id\":\"https:\\\/\\\/www.fredericlecloux.com\\\/en\\\/etonnamment-etonnee-book\\\/#breadcrumb\",\"itemListElement\":[{\"@type\":\"ListItem\",\"position\":1,\"name\":\"Accueil\",\"item\":\"https:\\\/\\\/www.fredericlecloux.com\\\/en\\\/\"},{\"@type\":\"ListItem\",\"position\":2,\"name\":\"\u00c9tonnamment \u00e9tonn\u00e9e\"}]},{\"@type\":\"WebSite\",\"@id\":\"https:\\\/\\\/www.fredericlecloux.com\\\/#website\",\"url\":\"https:\\\/\\\/www.fredericlecloux.com\\\/\",\"name\":\"Fr\u00e9d\u00e9ric Lecloux\",\"description\":\"Photographer\",\"publisher\":{\"@id\":\"https:\\\/\\\/www.fredericlecloux.com\\\/#\\\/schema\\\/person\\\/28b8bff60a0a09d3f95842a1cab1ca01\"},\"potentialAction\":[{\"@type\":\"SearchAction\",\"target\":{\"@type\":\"EntryPoint\",\"urlTemplate\":\"https:\\\/\\\/www.fredericlecloux.com\\\/?s={search_term_string}\"},\"query-input\":{\"@type\":\"PropertyValueSpecification\",\"valueRequired\":true,\"valueName\":\"search_term_string\"}}],\"inLanguage\":\"en-US\"},{\"@type\":[\"Person\",\"Organization\"],\"@id\":\"https:\\\/\\\/www.fredericlecloux.com\\\/#\\\/schema\\\/person\\\/28b8bff60a0a09d3f95842a1cab1ca01\",\"name\":\"Fr\u00e9d\u00e9ric Lecloux\",\"logo\":{\"@id\":\"https:\\\/\\\/www.fredericlecloux.com\\\/#\\\/schema\\\/person\\\/image\\\/\"}}]}<\/script>\n<!-- \/ Yoast SEO plugin. -->","yoast_head_json":{"title":"\u00c9tonnamment \u00e9tonn\u00e9e - Fr\u00e9d\u00e9ric Lecloux","description":"\u00c9tonnamment \u00e9tonn\u00e9e - Fr\u00e9d\u00e9ric Lecloux","robots":{"index":"index","follow":"follow","max-snippet":"max-snippet:-1","max-image-preview":"max-image-preview:large","max-video-preview":"max-video-preview:-1"},"canonical":"https:\/\/www.fredericlecloux.com\/en\/etonnamment-etonnee-book\/","schema":{"@context":"https:\/\/schema.org","@graph":[{"@type":"WebPage","@id":"https:\/\/www.fredericlecloux.com\/en\/etonnamment-etonnee-book\/","url":"https:\/\/www.fredericlecloux.com\/en\/etonnamment-etonnee-book\/","name":"\u00c9tonnamment \u00e9tonn\u00e9e - Fr\u00e9d\u00e9ric Lecloux","isPartOf":{"@id":"https:\/\/www.fredericlecloux.com\/#website"},"datePublished":"2015-07-18T11:33:34+00:00","dateModified":"2018-02-14T09:12:48+00:00","description":"\u00c9tonnamment \u00e9tonn\u00e9e - Fr\u00e9d\u00e9ric Lecloux","breadcrumb":{"@id":"https:\/\/www.fredericlecloux.com\/en\/etonnamment-etonnee-book\/#breadcrumb"},"inLanguage":"en-US","potentialAction":[{"@type":"ReadAction","target":["https:\/\/www.fredericlecloux.com\/en\/etonnamment-etonnee-book\/"]}]},{"@type":"BreadcrumbList","@id":"https:\/\/www.fredericlecloux.com\/en\/etonnamment-etonnee-book\/#breadcrumb","itemListElement":[{"@type":"ListItem","position":1,"name":"Accueil","item":"https:\/\/www.fredericlecloux.com\/en\/"},{"@type":"ListItem","position":2,"name":"\u00c9tonnamment \u00e9tonn\u00e9e"}]},{"@type":"WebSite","@id":"https:\/\/www.fredericlecloux.com\/#website","url":"https:\/\/www.fredericlecloux.com\/","name":"Fr\u00e9d\u00e9ric Lecloux","description":"Photographer","publisher":{"@id":"https:\/\/www.fredericlecloux.com\/#\/schema\/person\/28b8bff60a0a09d3f95842a1cab1ca01"},"potentialAction":[{"@type":"SearchAction","target":{"@type":"EntryPoint","urlTemplate":"https:\/\/www.fredericlecloux.com\/?s={search_term_string}"},"query-input":{"@type":"PropertyValueSpecification","valueRequired":true,"valueName":"search_term_string"}}],"inLanguage":"en-US"},{"@type":["Person","Organization"],"@id":"https:\/\/www.fredericlecloux.com\/#\/schema\/person\/28b8bff60a0a09d3f95842a1cab1ca01","name":"Fr\u00e9d\u00e9ric Lecloux","logo":{"@id":"https:\/\/www.fredericlecloux.com\/#\/schema\/person\/image\/"}}]}},"_links":{"self":[{"href":"https:\/\/www.fredericlecloux.com\/en\/wp-json\/wp\/v2\/pages\/767","targetHints":{"allow":["GET"]}}],"collection":[{"href":"https:\/\/www.fredericlecloux.com\/en\/wp-json\/wp\/v2\/pages"}],"about":[{"href":"https:\/\/www.fredericlecloux.com\/en\/wp-json\/wp\/v2\/types\/page"}],"author":[{"embeddable":true,"href":"https:\/\/www.fredericlecloux.com\/en\/wp-json\/wp\/v2\/users\/1"}],"replies":[{"embeddable":true,"href":"https:\/\/www.fredericlecloux.com\/en\/wp-json\/wp\/v2\/comments?post=767"}],"version-history":[{"count":0,"href":"https:\/\/www.fredericlecloux.com\/en\/wp-json\/wp\/v2\/pages\/767\/revisions"}],"wp:attachment":[{"href":"https:\/\/www.fredericlecloux.com\/en\/wp-json\/wp\/v2\/media?parent=767"}],"curies":[{"name":"wp","href":"https:\/\/api.w.org\/{rel}","templated":true}]}}