{"id":764,"date":"2015-07-18T12:26:29","date_gmt":"2015-07-18T11:26:29","guid":{"rendered":"http:\/\/www.fredericlecloux.com\/wpfl\/?page_id=764"},"modified":"2018-02-14T10:16:25","modified_gmt":"2018-02-14T09:16:25","slug":"le-simulacre-du-printemps-book","status":"publish","type":"page","link":"https:\/\/www.fredericlecloux.com\/en\/le-simulacre-du-printemps-book\/","title":{"rendered":"Le Simulacre du Printemps"},"content":{"rendered":"<p><a title=\"Back to the books\" href=\"..\/gallery\/books\/\"><i class=\"pixcode  pixcode--icon  icon-e-book      \"><\/i><\/a> <a title=\"See the story\" href=\"..\/portfolio\/marthe-en\/\"><i class=\"pixcode  pixcode--icon  icon-e-camera      \"><\/i><\/a><\/p>\n<div class=\"pixcode  pixcode--row  row  \">\n\n<div class=\"col-12  hand-span-6 \">\n\n<h5>Le Bec en l&#8217;air publisher, 2008<\/h5>\n<p>13 x 20 cm<br \/>\nISBN 978-2-916073-41-5<br \/>\n96 pages<br \/>\nSoft cover<br \/>\n25 colour photographs<br \/>\nText: Ingrid Thobois<br \/>\nLanguage: French<\/p>\n<a class=\"pixcode  pixcode--btn  btn\" href=\"http:\/\/www.becair.com\/livre\/le-simulacre-du-printemps\/\" target=\"_blank\">Buy<\/a>\n\n<\/div>\n\n<div class=\"col-12  hand-span-6 \">\n\n<p><a href=\"\/\/www.fredericlecloux.com\/wpfl\/wp-content\/uploads\/2015\/07\/mamy_couv_bd.jpg\"><img loading=\"lazy\" decoding=\"async\" class=\"alignnone wp-image-349 size-medium\" src=\"\/\/www.fredericlecloux.com\/wpfl\/wp-content\/uploads\/2015\/07\/mamy_couv_bd-195x300.jpg\" alt=\"Le Simulacre du printemps, Le Bec en l'air, 2008\" width=\"195\" height=\"300\" srcset=\"https:\/\/www.fredericlecloux.com\/wpfl\/wp-content\/uploads\/2015\/07\/mamy_couv_bd-195x300.jpg 195w, https:\/\/www.fredericlecloux.com\/wpfl\/wp-content\/uploads\/2015\/07\/mamy_couv_bd.jpg 390w\" sizes=\"auto, (max-width: 195px) 100vw, 195px\" \/><\/a><\/p>\n\n<\/div>\n\n\n<\/div>\n\n<p>&nbsp;<\/p>\n<hr class=\"pixcode  pixcode--separator  separator separator--striped\"\/>\n","protected":false},"excerpt":{"rendered":"<p>&nbsp;<\/p>\n","protected":false},"author":1,"featured_media":0,"parent":0,"menu_order":0,"comment_status":"closed","ping_status":"open","template":"","meta":{"footnotes":""},"class_list":["post-764","page","type-page","status-publish","hentry"],"yoast_head":"<!-- This site is optimized with the Yoast SEO plugin v27.2 - https:\/\/yoast.com\/product\/yoast-seo-wordpress\/ -->\n<title>Le Simulacre du Printemps - Fr\u00e9d\u00e9ric Lecloux<\/title>\n<meta name=\"description\" content=\"Le Simulacre du Printemps - Fr\u00e9d\u00e9ric Lecloux\" \/>\n<meta name=\"robots\" content=\"index, follow, max-snippet:-1, max-image-preview:large, max-video-preview:-1\" \/>\n<link rel=\"canonical\" href=\"https:\/\/www.fredericlecloux.com\/en\/le-simulacre-du-printemps-book\/\" \/>\n<script type=\"application\/ld+json\" class=\"yoast-schema-graph\">{\"@context\":\"https:\/\/schema.org\",\"@graph\":[{\"@type\":\"WebPage\",\"@id\":\"https:\/\/www.fredericlecloux.com\/en\/le-simulacre-du-printemps-book\/\",\"url\":\"https:\/\/www.fredericlecloux.com\/en\/le-simulacre-du-printemps-book\/\",\"name\":\"Le Simulacre du Printemps - Fr\u00e9d\u00e9ric Lecloux\",\"isPartOf\":{\"@id\":\"https:\/\/www.fredericlecloux.com\/#website\"},\"datePublished\":\"2015-07-18T11:26:29+00:00\",\"dateModified\":\"2018-02-14T09:16:25+00:00\",\"description\":\"Le Simulacre du Printemps - Fr\u00e9d\u00e9ric Lecloux\",\"breadcrumb\":{\"@id\":\"https:\/\/www.fredericlecloux.com\/en\/le-simulacre-du-printemps-book\/#breadcrumb\"},\"inLanguage\":\"en-US\",\"potentialAction\":[{\"@type\":\"ReadAction\",\"target\":[\"https:\/\/www.fredericlecloux.com\/en\/le-simulacre-du-printemps-book\/\"]}]},{\"@type\":\"BreadcrumbList\",\"@id\":\"https:\/\/www.fredericlecloux.com\/en\/le-simulacre-du-printemps-book\/#breadcrumb\",\"itemListElement\":[{\"@type\":\"ListItem\",\"position\":1,\"name\":\"Accueil\",\"item\":\"https:\/\/www.fredericlecloux.com\/en\/\"},{\"@type\":\"ListItem\",\"position\":2,\"name\":\"Le Simulacre du Printemps\"}]},{\"@type\":\"WebSite\",\"@id\":\"https:\/\/www.fredericlecloux.com\/#website\",\"url\":\"https:\/\/www.fredericlecloux.com\/\",\"name\":\"Fr\u00e9d\u00e9ric Lecloux\",\"description\":\"Photographer\",\"publisher\":{\"@id\":\"https:\/\/www.fredericlecloux.com\/#\/schema\/person\/28b8bff60a0a09d3f95842a1cab1ca01\"},\"potentialAction\":[{\"@type\":\"SearchAction\",\"target\":{\"@type\":\"EntryPoint\",\"urlTemplate\":\"https:\/\/www.fredericlecloux.com\/?s={search_term_string}\"},\"query-input\":{\"@type\":\"PropertyValueSpecification\",\"valueRequired\":true,\"valueName\":\"search_term_string\"}}],\"inLanguage\":\"en-US\"},{\"@type\":[\"Person\",\"Organization\"],\"@id\":\"https:\/\/www.fredericlecloux.com\/#\/schema\/person\/28b8bff60a0a09d3f95842a1cab1ca01\",\"name\":\"Fr\u00e9d\u00e9ric Lecloux\",\"logo\":{\"@id\":\"https:\/\/www.fredericlecloux.com\/#\/schema\/person\/image\/\"}}]}<\/script>\n<!-- \/ Yoast SEO plugin. -->","yoast_head_json":{"title":"Le Simulacre du Printemps - Fr\u00e9d\u00e9ric Lecloux","description":"Le Simulacre du Printemps - Fr\u00e9d\u00e9ric Lecloux","robots":{"index":"index","follow":"follow","max-snippet":"max-snippet:-1","max-image-preview":"max-image-preview:large","max-video-preview":"max-video-preview:-1"},"canonical":"https:\/\/www.fredericlecloux.com\/en\/le-simulacre-du-printemps-book\/","schema":{"@context":"https:\/\/schema.org","@graph":[{"@type":"WebPage","@id":"https:\/\/www.fredericlecloux.com\/en\/le-simulacre-du-printemps-book\/","url":"https:\/\/www.fredericlecloux.com\/en\/le-simulacre-du-printemps-book\/","name":"Le Simulacre du Printemps - Fr\u00e9d\u00e9ric Lecloux","isPartOf":{"@id":"https:\/\/www.fredericlecloux.com\/#website"},"datePublished":"2015-07-18T11:26:29+00:00","dateModified":"2018-02-14T09:16:25+00:00","description":"Le Simulacre du Printemps - Fr\u00e9d\u00e9ric Lecloux","breadcrumb":{"@id":"https:\/\/www.fredericlecloux.com\/en\/le-simulacre-du-printemps-book\/#breadcrumb"},"inLanguage":"en-US","potentialAction":[{"@type":"ReadAction","target":["https:\/\/www.fredericlecloux.com\/en\/le-simulacre-du-printemps-book\/"]}]},{"@type":"BreadcrumbList","@id":"https:\/\/www.fredericlecloux.com\/en\/le-simulacre-du-printemps-book\/#breadcrumb","itemListElement":[{"@type":"ListItem","position":1,"name":"Accueil","item":"https:\/\/www.fredericlecloux.com\/en\/"},{"@type":"ListItem","position":2,"name":"Le Simulacre du Printemps"}]},{"@type":"WebSite","@id":"https:\/\/www.fredericlecloux.com\/#website","url":"https:\/\/www.fredericlecloux.com\/","name":"Fr\u00e9d\u00e9ric Lecloux","description":"Photographer","publisher":{"@id":"https:\/\/www.fredericlecloux.com\/#\/schema\/person\/28b8bff60a0a09d3f95842a1cab1ca01"},"potentialAction":[{"@type":"SearchAction","target":{"@type":"EntryPoint","urlTemplate":"https:\/\/www.fredericlecloux.com\/?s={search_term_string}"},"query-input":{"@type":"PropertyValueSpecification","valueRequired":true,"valueName":"search_term_string"}}],"inLanguage":"en-US"},{"@type":["Person","Organization"],"@id":"https:\/\/www.fredericlecloux.com\/#\/schema\/person\/28b8bff60a0a09d3f95842a1cab1ca01","name":"Fr\u00e9d\u00e9ric Lecloux","logo":{"@id":"https:\/\/www.fredericlecloux.com\/#\/schema\/person\/image\/"}}]}},"_links":{"self":[{"href":"https:\/\/www.fredericlecloux.com\/en\/wp-json\/wp\/v2\/pages\/764","targetHints":{"allow":["GET"]}}],"collection":[{"href":"https:\/\/www.fredericlecloux.com\/en\/wp-json\/wp\/v2\/pages"}],"about":[{"href":"https:\/\/www.fredericlecloux.com\/en\/wp-json\/wp\/v2\/types\/page"}],"author":[{"embeddable":true,"href":"https:\/\/www.fredericlecloux.com\/en\/wp-json\/wp\/v2\/users\/1"}],"replies":[{"embeddable":true,"href":"https:\/\/www.fredericlecloux.com\/en\/wp-json\/wp\/v2\/comments?post=764"}],"version-history":[{"count":0,"href":"https:\/\/www.fredericlecloux.com\/en\/wp-json\/wp\/v2\/pages\/764\/revisions"}],"wp:attachment":[{"href":"https:\/\/www.fredericlecloux.com\/en\/wp-json\/wp\/v2\/media?parent=764"}],"curies":[{"name":"wp","href":"https:\/\/api.w.org\/{rel}","templated":true}]}}