{"id":750,"date":"2015-07-18T12:00:20","date_gmt":"2015-07-18T11:00:20","guid":{"rendered":"http:\/\/www.fredericlecloux.com\/wpfl\/?page_id=750"},"modified":"2018-02-14T10:11:38","modified_gmt":"2018-02-14T09:11:38","slug":"brumes-a-venir-book","status":"publish","type":"page","link":"https:\/\/www.fredericlecloux.com\/en\/brumes-a-venir-book\/","title":{"rendered":"Brumes \u00e0 venir"},"content":{"rendered":"<p><a title=\"Back to the books\" href=\"..\/gallery\/books\/\"><i class=\"pixcode  pixcode--icon  icon-e-book      \"><\/i><\/a> <a title=\"See the story\" href=\"..\/portfolio\/brumes-a-venir-en\/\"><i class=\"pixcode  pixcode--icon  icon-e-camera      \"><\/i><\/a><\/p>\n<div class=\"pixcode  pixcode--row  row  \">\n\n<div class=\"col-12  hand-span-6 \">\n\n<h5>Le Bec en l&#8217;air publisher, 2012<\/h5>\n<p>23 x 16.5 cm<br \/>\nISBN 978-2-916073-69-9<br \/>\n144 pages<br \/>\nHardback<br \/>\n100 colour photographs<br \/>\nText: Fr\u00e9d\u00e9ric Lecloux<br \/>\nLanguage: French<\/p>\n<a class=\"pixcode  pixcode--btn  btn\" href=\"http:\/\/www.becair.com\/livre\/brumes-a-venir\/\" target=\"_blank\">Buy<\/a>\n\n<\/div>\n\n<div class=\"col-12  hand-span-6 \">\n\n<p><a href=\"\/\/www.fredericlecloux.com\/wpfl\/wp-content\/uploads\/2015\/07\/brumes_couv_bd.jpg\" target=\"_blank\"><img loading=\"lazy\" decoding=\"async\" class=\"alignnone wp-image-341 size-medium\" src=\"\/\/www.fredericlecloux.com\/wpfl\/wp-content\/uploads\/2015\/07\/brumes_couv_bd-300x219.jpg\" alt=\"Brumes \u00e0 venir, Le Bec en l'air, 2012\" width=\"300\" height=\"219\" srcset=\"https:\/\/www.fredericlecloux.com\/wpfl\/wp-content\/uploads\/2015\/07\/brumes_couv_bd-300x219.jpg 300w, https:\/\/www.fredericlecloux.com\/wpfl\/wp-content\/uploads\/2015\/07\/brumes_couv_bd-500x365.jpg 500w, https:\/\/www.fredericlecloux.com\/wpfl\/wp-content\/uploads\/2015\/07\/brumes_couv_bd.jpg 600w\" sizes=\"auto, (max-width: 300px) 100vw, 300px\" \/><\/a><\/p>\n\n<\/div>\n\n\n<\/div>\n\n<p>&nbsp;<\/p>\n<hr class=\"pixcode  pixcode--separator  separator separator--striped\"\/>\n","protected":false},"excerpt":{"rendered":"<p>&nbsp;<\/p>\n","protected":false},"author":1,"featured_media":0,"parent":0,"menu_order":0,"comment_status":"closed","ping_status":"closed","template":"","meta":{"footnotes":""},"class_list":["post-750","page","type-page","status-publish","hentry"],"yoast_head":"<!-- This site is optimized with the Yoast SEO plugin v27.5 - https:\/\/yoast.com\/product\/yoast-seo-wordpress\/ -->\n<title>Brumes \u00e0 venir - Fr\u00e9d\u00e9ric Lecloux<\/title>\n<meta name=\"description\" content=\"Brumes \u00e0 venir - Fr\u00e9d\u00e9ric Lecloux\" \/>\n<meta name=\"robots\" content=\"index, follow, max-snippet:-1, max-image-preview:large, max-video-preview:-1\" \/>\n<link rel=\"canonical\" href=\"https:\/\/www.fredericlecloux.com\/en\/brumes-a-venir-book\/\" \/>\n<script type=\"application\/ld+json\" class=\"yoast-schema-graph\">{\"@context\":\"https:\\\/\\\/schema.org\",\"@graph\":[{\"@type\":\"WebPage\",\"@id\":\"https:\\\/\\\/www.fredericlecloux.com\\\/en\\\/brumes-a-venir-book\\\/\",\"url\":\"https:\\\/\\\/www.fredericlecloux.com\\\/en\\\/brumes-a-venir-book\\\/\",\"name\":\"Brumes \u00e0 venir - Fr\u00e9d\u00e9ric Lecloux\",\"isPartOf\":{\"@id\":\"https:\\\/\\\/www.fredericlecloux.com\\\/#website\"},\"datePublished\":\"2015-07-18T11:00:20+00:00\",\"dateModified\":\"2018-02-14T09:11:38+00:00\",\"description\":\"Brumes \u00e0 venir - Fr\u00e9d\u00e9ric Lecloux\",\"breadcrumb\":{\"@id\":\"https:\\\/\\\/www.fredericlecloux.com\\\/en\\\/brumes-a-venir-book\\\/#breadcrumb\"},\"inLanguage\":\"en-US\",\"potentialAction\":[{\"@type\":\"ReadAction\",\"target\":[\"https:\\\/\\\/www.fredericlecloux.com\\\/en\\\/brumes-a-venir-book\\\/\"]}]},{\"@type\":\"BreadcrumbList\",\"@id\":\"https:\\\/\\\/www.fredericlecloux.com\\\/en\\\/brumes-a-venir-book\\\/#breadcrumb\",\"itemListElement\":[{\"@type\":\"ListItem\",\"position\":1,\"name\":\"Accueil\",\"item\":\"https:\\\/\\\/www.fredericlecloux.com\\\/en\\\/\"},{\"@type\":\"ListItem\",\"position\":2,\"name\":\"Brumes \u00e0 venir\"}]},{\"@type\":\"WebSite\",\"@id\":\"https:\\\/\\\/www.fredericlecloux.com\\\/#website\",\"url\":\"https:\\\/\\\/www.fredericlecloux.com\\\/\",\"name\":\"Fr\u00e9d\u00e9ric Lecloux\",\"description\":\"Photographer\",\"publisher\":{\"@id\":\"https:\\\/\\\/www.fredericlecloux.com\\\/#\\\/schema\\\/person\\\/28b8bff60a0a09d3f95842a1cab1ca01\"},\"potentialAction\":[{\"@type\":\"SearchAction\",\"target\":{\"@type\":\"EntryPoint\",\"urlTemplate\":\"https:\\\/\\\/www.fredericlecloux.com\\\/?s={search_term_string}\"},\"query-input\":{\"@type\":\"PropertyValueSpecification\",\"valueRequired\":true,\"valueName\":\"search_term_string\"}}],\"inLanguage\":\"en-US\"},{\"@type\":[\"Person\",\"Organization\"],\"@id\":\"https:\\\/\\\/www.fredericlecloux.com\\\/#\\\/schema\\\/person\\\/28b8bff60a0a09d3f95842a1cab1ca01\",\"name\":\"Fr\u00e9d\u00e9ric Lecloux\",\"logo\":{\"@id\":\"https:\\\/\\\/www.fredericlecloux.com\\\/#\\\/schema\\\/person\\\/image\\\/\"}}]}<\/script>\n<!-- \/ Yoast SEO plugin. -->","yoast_head_json":{"title":"Brumes \u00e0 venir - Fr\u00e9d\u00e9ric Lecloux","description":"Brumes \u00e0 venir - Fr\u00e9d\u00e9ric Lecloux","robots":{"index":"index","follow":"follow","max-snippet":"max-snippet:-1","max-image-preview":"max-image-preview:large","max-video-preview":"max-video-preview:-1"},"canonical":"https:\/\/www.fredericlecloux.com\/en\/brumes-a-venir-book\/","schema":{"@context":"https:\/\/schema.org","@graph":[{"@type":"WebPage","@id":"https:\/\/www.fredericlecloux.com\/en\/brumes-a-venir-book\/","url":"https:\/\/www.fredericlecloux.com\/en\/brumes-a-venir-book\/","name":"Brumes \u00e0 venir - Fr\u00e9d\u00e9ric Lecloux","isPartOf":{"@id":"https:\/\/www.fredericlecloux.com\/#website"},"datePublished":"2015-07-18T11:00:20+00:00","dateModified":"2018-02-14T09:11:38+00:00","description":"Brumes \u00e0 venir - Fr\u00e9d\u00e9ric Lecloux","breadcrumb":{"@id":"https:\/\/www.fredericlecloux.com\/en\/brumes-a-venir-book\/#breadcrumb"},"inLanguage":"en-US","potentialAction":[{"@type":"ReadAction","target":["https:\/\/www.fredericlecloux.com\/en\/brumes-a-venir-book\/"]}]},{"@type":"BreadcrumbList","@id":"https:\/\/www.fredericlecloux.com\/en\/brumes-a-venir-book\/#breadcrumb","itemListElement":[{"@type":"ListItem","position":1,"name":"Accueil","item":"https:\/\/www.fredericlecloux.com\/en\/"},{"@type":"ListItem","position":2,"name":"Brumes \u00e0 venir"}]},{"@type":"WebSite","@id":"https:\/\/www.fredericlecloux.com\/#website","url":"https:\/\/www.fredericlecloux.com\/","name":"Fr\u00e9d\u00e9ric Lecloux","description":"Photographer","publisher":{"@id":"https:\/\/www.fredericlecloux.com\/#\/schema\/person\/28b8bff60a0a09d3f95842a1cab1ca01"},"potentialAction":[{"@type":"SearchAction","target":{"@type":"EntryPoint","urlTemplate":"https:\/\/www.fredericlecloux.com\/?s={search_term_string}"},"query-input":{"@type":"PropertyValueSpecification","valueRequired":true,"valueName":"search_term_string"}}],"inLanguage":"en-US"},{"@type":["Person","Organization"],"@id":"https:\/\/www.fredericlecloux.com\/#\/schema\/person\/28b8bff60a0a09d3f95842a1cab1ca01","name":"Fr\u00e9d\u00e9ric Lecloux","logo":{"@id":"https:\/\/www.fredericlecloux.com\/#\/schema\/person\/image\/"}}]}},"_links":{"self":[{"href":"https:\/\/www.fredericlecloux.com\/en\/wp-json\/wp\/v2\/pages\/750","targetHints":{"allow":["GET"]}}],"collection":[{"href":"https:\/\/www.fredericlecloux.com\/en\/wp-json\/wp\/v2\/pages"}],"about":[{"href":"https:\/\/www.fredericlecloux.com\/en\/wp-json\/wp\/v2\/types\/page"}],"author":[{"embeddable":true,"href":"https:\/\/www.fredericlecloux.com\/en\/wp-json\/wp\/v2\/users\/1"}],"replies":[{"embeddable":true,"href":"https:\/\/www.fredericlecloux.com\/en\/wp-json\/wp\/v2\/comments?post=750"}],"version-history":[{"count":0,"href":"https:\/\/www.fredericlecloux.com\/en\/wp-json\/wp\/v2\/pages\/750\/revisions"}],"wp:attachment":[{"href":"https:\/\/www.fredericlecloux.com\/en\/wp-json\/wp\/v2\/media?parent=750"}],"curies":[{"name":"wp","href":"https:\/\/api.w.org\/{rel}","templated":true}]}}