{"id":4847,"date":"2017-07-01T14:26:53","date_gmt":"2017-07-01T13:26:53","guid":{"rendered":"http:\/\/www.fredericlecloux.com\/en\/?page_id=4847"},"modified":"2025-03-20T17:56:10","modified_gmt":"2025-03-20T16:56:10","slug":"nepal-book","status":"publish","type":"page","link":"https:\/\/www.fredericlecloux.com\/en\/nepal-book\/","title":{"rendered":"Nepal. Epiphanies of the everyday"},"content":{"rendered":"<p><a title=\"Back to the books\" href=\"..\/gallery\/books\/\"><i class=\"pixcode  pixcode--icon  icon-e-book      \"><\/i><\/a> <a title=\"See the story\" href=\"..\/portfolio\/everyday-epiphanies\/\"><i class=\"pixcode  pixcode--icon  icon-e-camera      \"><\/i><\/a> <a title=\"See the story\" href=\"..\/portfolio\/explanation-peace-oblivion\/\"><i class=\"pixcode  pixcode--icon  icon-e-camera      \"><\/i><\/a> <a title=\"Watch the story\" href=\"..\/portfolio\/seisme-au-nepal\/\"><i class=\"pixcode  pixcode--icon  icon-e-camera      \"><\/i><\/a><\/p>\n<p>I went to Nepal for the first time in 1994 \u2013 a traveller with a camera. I didn&#8217;t realise the distance the camera was putting between me and other people. I only became aware of it some years later; and since then, I&#8217;ve constantly been trying to reduce it.<\/p>\n<hr class=\"pixcode  pixcode--separator  separator separator--dotted\"\/>\n<div class=\"pixcode  pixcode--row  row  \">\n\n<div class=\"col-12  hand-span-6 \">\n\n<h5>Le Bec en l&#8217;air publisher, 2017<\/h5>\n<p>25,5 x 28 cm<br \/>\nISBN 978-2-36744-114-6<br \/>\n144 pages<br \/>\nSoft cover with a hemmed dust jacket printed on both sides<br \/>\n100 colour photographs<br \/>\nLanguages: French, English (translated by John Doherty) &amp; Nepali (translated by Prawin Adhikari)<\/p>\n<a class=\"pixcode  pixcode--btn  btn\" href=\"http:\/\/www.becair.com\/livre\/nepal\/\" target=\"_blank\">Buy<\/a>\n\n<\/div>\n\n<div class=\"col-12  hand-span-6 \">\n\n<p><a href=\"\/\/www.fredericlecloux.com\/wpfl\/wp-content\/uploads\/2017\/07\/nepal_bd.jpg\"><img loading=\"lazy\" decoding=\"async\" class=\"alignnone wp-image-4940 size-medium\" src=\"https:\/\/www.fredericlecloux.com\/wpfl\/wp-content\/uploads\/2017\/07\/nepal_bd.jpg\" alt=\"Cover of the book Nepal, Everyday Epiphanies\" width=\"270\" height=\"300\" srcset=\"https:\/\/www.fredericlecloux.com\/wpfl\/wp-content\/uploads\/2017\/07\/nepal_bd.jpg 540w, https:\/\/www.fredericlecloux.com\/wpfl\/wp-content\/uploads\/2017\/07\/nepal_bd-270x300.jpg 270w, https:\/\/www.fredericlecloux.com\/wpfl\/wp-content\/uploads\/2017\/07\/nepal_bd-500x556.jpg 500w\" sizes=\"auto, (max-width: 270px) 100vw, 270px\" \/><\/a><\/p>\n\n<\/div>\n\n\n<\/div>\n\n<p>&nbsp;<\/p>\n<hr class=\"pixcode  pixcode--separator  separator separator--dotted\"\/>\n<div class=\"pixcode  pixcode--row  row  \">\n\n<div class=\"col-12  hand-span-6 \">\n\n<h5>Le Bec en l&#8217;air publisher, 2017<\/h5>\n<p>Limited edition of 9 copies with a signed and numbered print of the dust jacket photograph.<\/p>\n<p>Since prints numbered 1\/11 and 2\/11 of that photograph are no longer available, the nine remaining prints, numbered from 3\/11 to 11\/11, are proposed in a limited edition with a signed copy of the book, in a Nepali paper envelope hand sewn by <a href=\"http:\/\/www.marievanesse.com\/\" target=\"_blank\" rel=\"noopener\">Marie Vanesse<\/a>.<\/p>\n<a class=\"pixcode  pixcode--btn  btn\" href=\"http:\/\/www.becair.com\/livre\/nepal\/\" target=\"_blank\">Buy<\/a>\n\n<\/div>\n\n<div class=\"col-12  hand-span-6 \">\n\n<p><a href=\"\/\/www.fredericlecloux.com\/wpfl\/wp-content\/uploads\/2017\/10\/1090113-wp.jpg\"><img loading=\"lazy\" decoding=\"async\" class=\"alignnone wp-image-5162\" src=\"https:\/\/www.fredericlecloux.com\/wpfl\/wp-content\/uploads\/2017\/10\/1090113-wp.jpg\" alt=\"Limited edition of Nepal\" width=\"450\" height=\"300\" srcset=\"https:\/\/www.fredericlecloux.com\/wpfl\/wp-content\/uploads\/2017\/10\/1090113-wp.jpg 1024w, https:\/\/www.fredericlecloux.com\/wpfl\/wp-content\/uploads\/2017\/10\/1090113-wp-300x200.jpg 300w, https:\/\/www.fredericlecloux.com\/wpfl\/wp-content\/uploads\/2017\/10\/1090113-wp-768x512.jpg 768w, https:\/\/www.fredericlecloux.com\/wpfl\/wp-content\/uploads\/2017\/10\/1090113-wp-800x534.jpg 800w, https:\/\/www.fredericlecloux.com\/wpfl\/wp-content\/uploads\/2017\/10\/1090113-wp-500x333.jpg 500w\" sizes=\"auto, (max-width: 450px) 100vw, 450px\" \/><\/a><\/p>\n<p>&nbsp;<\/p>\n\n<\/div>\n\n\n<\/div>\n\n<hr class=\"pixcode  pixcode--separator  separator separator--striped\"\/>\n","protected":false},"excerpt":{"rendered":"<p>I went to Nepal for the first time in 1994 \u2013 a traveller with a camera. I didn&#8217;t realise the distance the camera was putting between me and other people. I only became aware of it some years later; and since then, I&#8217;ve constantly been trying to reduce it. &nbsp;<\/p>\n","protected":false},"author":1,"featured_media":0,"parent":0,"menu_order":0,"comment_status":"closed","ping_status":"closed","template":"","meta":{"footnotes":""},"class_list":["post-4847","page","type-page","status-publish","hentry"],"yoast_head":"<!-- This site is optimized with the Yoast SEO plugin v27.2 - https:\/\/yoast.com\/product\/yoast-seo-wordpress\/ -->\n<title>Nepal. Epiphanies of the everyday - Fr\u00e9d\u00e9ric Lecloux<\/title>\n<meta name=\"description\" content=\"Nepal. Epiphanies of the everyday - Fr\u00e9d\u00e9ric Lecloux\" \/>\n<meta name=\"robots\" content=\"index, follow, max-snippet:-1, max-image-preview:large, max-video-preview:-1\" \/>\n<link rel=\"canonical\" href=\"https:\/\/www.fredericlecloux.com\/en\/nepal-book\/\" \/>\n<meta name=\"twitter:label1\" content=\"Est. reading time\" \/>\n\t<meta name=\"twitter:data1\" content=\"2 minutes\" \/>\n<script type=\"application\/ld+json\" class=\"yoast-schema-graph\">{\"@context\":\"https:\/\/schema.org\",\"@graph\":[{\"@type\":\"WebPage\",\"@id\":\"https:\/\/www.fredericlecloux.com\/en\/nepal-book\/\",\"url\":\"https:\/\/www.fredericlecloux.com\/en\/nepal-book\/\",\"name\":\"Nepal. Epiphanies of the everyday - Fr\u00e9d\u00e9ric Lecloux\",\"isPartOf\":{\"@id\":\"https:\/\/www.fredericlecloux.com\/#website\"},\"primaryImageOfPage\":{\"@id\":\"https:\/\/www.fredericlecloux.com\/en\/nepal-book\/#primaryimage\"},\"image\":{\"@id\":\"https:\/\/www.fredericlecloux.com\/en\/nepal-book\/#primaryimage\"},\"thumbnailUrl\":\"https:\/\/www.fredericlecloux.com\/wpfl\/wp-content\/uploads\/2017\/07\/nepal_bd.jpg\",\"datePublished\":\"2017-07-01T13:26:53+00:00\",\"dateModified\":\"2025-03-20T16:56:10+00:00\",\"description\":\"Nepal. Epiphanies of the everyday - Fr\u00e9d\u00e9ric Lecloux\",\"breadcrumb\":{\"@id\":\"https:\/\/www.fredericlecloux.com\/en\/nepal-book\/#breadcrumb\"},\"inLanguage\":\"en-US\",\"potentialAction\":[{\"@type\":\"ReadAction\",\"target\":[\"https:\/\/www.fredericlecloux.com\/en\/nepal-book\/\"]}]},{\"@type\":\"ImageObject\",\"inLanguage\":\"en-US\",\"@id\":\"https:\/\/www.fredericlecloux.com\/en\/nepal-book\/#primaryimage\",\"url\":\"https:\/\/www.fredericlecloux.com\/wpfl\/wp-content\/uploads\/2017\/07\/nepal_bd.jpg\",\"contentUrl\":\"https:\/\/www.fredericlecloux.com\/wpfl\/wp-content\/uploads\/2017\/07\/nepal_bd.jpg\"},{\"@type\":\"BreadcrumbList\",\"@id\":\"https:\/\/www.fredericlecloux.com\/en\/nepal-book\/#breadcrumb\",\"itemListElement\":[{\"@type\":\"ListItem\",\"position\":1,\"name\":\"Accueil\",\"item\":\"https:\/\/www.fredericlecloux.com\/en\/\"},{\"@type\":\"ListItem\",\"position\":2,\"name\":\"Nepal. Epiphanies of the everyday\"}]},{\"@type\":\"WebSite\",\"@id\":\"https:\/\/www.fredericlecloux.com\/#website\",\"url\":\"https:\/\/www.fredericlecloux.com\/\",\"name\":\"Fr\u00e9d\u00e9ric Lecloux\",\"description\":\"Photographer\",\"publisher\":{\"@id\":\"https:\/\/www.fredericlecloux.com\/#\/schema\/person\/28b8bff60a0a09d3f95842a1cab1ca01\"},\"potentialAction\":[{\"@type\":\"SearchAction\",\"target\":{\"@type\":\"EntryPoint\",\"urlTemplate\":\"https:\/\/www.fredericlecloux.com\/?s={search_term_string}\"},\"query-input\":{\"@type\":\"PropertyValueSpecification\",\"valueRequired\":true,\"valueName\":\"search_term_string\"}}],\"inLanguage\":\"en-US\"},{\"@type\":[\"Person\",\"Organization\"],\"@id\":\"https:\/\/www.fredericlecloux.com\/#\/schema\/person\/28b8bff60a0a09d3f95842a1cab1ca01\",\"name\":\"Fr\u00e9d\u00e9ric Lecloux\",\"logo\":{\"@id\":\"https:\/\/www.fredericlecloux.com\/#\/schema\/person\/image\/\"}}]}<\/script>\n<!-- \/ Yoast SEO plugin. -->","yoast_head_json":{"title":"Nepal. Epiphanies of the everyday - Fr\u00e9d\u00e9ric Lecloux","description":"Nepal. Epiphanies of the everyday - Fr\u00e9d\u00e9ric Lecloux","robots":{"index":"index","follow":"follow","max-snippet":"max-snippet:-1","max-image-preview":"max-image-preview:large","max-video-preview":"max-video-preview:-1"},"canonical":"https:\/\/www.fredericlecloux.com\/en\/nepal-book\/","twitter_misc":{"Est. reading time":"2 minutes"},"schema":{"@context":"https:\/\/schema.org","@graph":[{"@type":"WebPage","@id":"https:\/\/www.fredericlecloux.com\/en\/nepal-book\/","url":"https:\/\/www.fredericlecloux.com\/en\/nepal-book\/","name":"Nepal. Epiphanies of the everyday - Fr\u00e9d\u00e9ric Lecloux","isPartOf":{"@id":"https:\/\/www.fredericlecloux.com\/#website"},"primaryImageOfPage":{"@id":"https:\/\/www.fredericlecloux.com\/en\/nepal-book\/#primaryimage"},"image":{"@id":"https:\/\/www.fredericlecloux.com\/en\/nepal-book\/#primaryimage"},"thumbnailUrl":"https:\/\/www.fredericlecloux.com\/wpfl\/wp-content\/uploads\/2017\/07\/nepal_bd.jpg","datePublished":"2017-07-01T13:26:53+00:00","dateModified":"2025-03-20T16:56:10+00:00","description":"Nepal. Epiphanies of the everyday - Fr\u00e9d\u00e9ric Lecloux","breadcrumb":{"@id":"https:\/\/www.fredericlecloux.com\/en\/nepal-book\/#breadcrumb"},"inLanguage":"en-US","potentialAction":[{"@type":"ReadAction","target":["https:\/\/www.fredericlecloux.com\/en\/nepal-book\/"]}]},{"@type":"ImageObject","inLanguage":"en-US","@id":"https:\/\/www.fredericlecloux.com\/en\/nepal-book\/#primaryimage","url":"https:\/\/www.fredericlecloux.com\/wpfl\/wp-content\/uploads\/2017\/07\/nepal_bd.jpg","contentUrl":"https:\/\/www.fredericlecloux.com\/wpfl\/wp-content\/uploads\/2017\/07\/nepal_bd.jpg"},{"@type":"BreadcrumbList","@id":"https:\/\/www.fredericlecloux.com\/en\/nepal-book\/#breadcrumb","itemListElement":[{"@type":"ListItem","position":1,"name":"Accueil","item":"https:\/\/www.fredericlecloux.com\/en\/"},{"@type":"ListItem","position":2,"name":"Nepal. Epiphanies of the everyday"}]},{"@type":"WebSite","@id":"https:\/\/www.fredericlecloux.com\/#website","url":"https:\/\/www.fredericlecloux.com\/","name":"Fr\u00e9d\u00e9ric Lecloux","description":"Photographer","publisher":{"@id":"https:\/\/www.fredericlecloux.com\/#\/schema\/person\/28b8bff60a0a09d3f95842a1cab1ca01"},"potentialAction":[{"@type":"SearchAction","target":{"@type":"EntryPoint","urlTemplate":"https:\/\/www.fredericlecloux.com\/?s={search_term_string}"},"query-input":{"@type":"PropertyValueSpecification","valueRequired":true,"valueName":"search_term_string"}}],"inLanguage":"en-US"},{"@type":["Person","Organization"],"@id":"https:\/\/www.fredericlecloux.com\/#\/schema\/person\/28b8bff60a0a09d3f95842a1cab1ca01","name":"Fr\u00e9d\u00e9ric Lecloux","logo":{"@id":"https:\/\/www.fredericlecloux.com\/#\/schema\/person\/image\/"}}]}},"_links":{"self":[{"href":"https:\/\/www.fredericlecloux.com\/en\/wp-json\/wp\/v2\/pages\/4847","targetHints":{"allow":["GET"]}}],"collection":[{"href":"https:\/\/www.fredericlecloux.com\/en\/wp-json\/wp\/v2\/pages"}],"about":[{"href":"https:\/\/www.fredericlecloux.com\/en\/wp-json\/wp\/v2\/types\/page"}],"author":[{"embeddable":true,"href":"https:\/\/www.fredericlecloux.com\/en\/wp-json\/wp\/v2\/users\/1"}],"replies":[{"embeddable":true,"href":"https:\/\/www.fredericlecloux.com\/en\/wp-json\/wp\/v2\/comments?post=4847"}],"version-history":[{"count":2,"href":"https:\/\/www.fredericlecloux.com\/en\/wp-json\/wp\/v2\/pages\/4847\/revisions"}],"predecessor-version":[{"id":8881,"href":"https:\/\/www.fredericlecloux.com\/en\/wp-json\/wp\/v2\/pages\/4847\/revisions\/8881"}],"wp:attachment":[{"href":"https:\/\/www.fredericlecloux.com\/en\/wp-json\/wp\/v2\/media?parent=4847"}],"curies":[{"name":"wp","href":"https:\/\/api.w.org\/{rel}","templated":true}]}}