{"id":4427,"date":"2017-03-09T21:06:41","date_gmt":"2017-03-09T20:06:41","guid":{"rendered":"http:\/\/www.fredericlecloux.com\/en\/?page_id=4427"},"modified":"2018-02-14T10:16:38","modified_gmt":"2018-02-14T09:16:38","slug":"lentement-vers-lasie","status":"publish","type":"page","link":"https:\/\/www.fredericlecloux.com\/en\/lentement-vers-lasie\/","title":{"rendered":"Lentement vers l&#8217;Asie"},"content":{"rendered":"<p><a title=\"Retour \u00e0 la liste des livres\" href=\"..\/gallery\/books\/\"><i class=\"pixcode  pixcode--icon  icon-e-book      \"><\/i><\/a><\/p>\n<p>Istanbul, on the Bosphorus quays\u2026 A sudden desire to leave. Not for an adventure: a journey for the journey, for what it is, that be sufficient onto itslef. A slow drift towards Asia, at the pace of the local people&#8217;s life.<\/p>\n<hr class=\"pixcode  pixcode--separator  separator separator--dotted\"\/>\n<div class=\"pixcode  pixcode--row  row  \">\n\n<div class=\"col-12  hand-span-6 \">\n\n<h5>Gl\u00e9nat 2006<\/h5>\n<p>14 x 22,5 cm<br \/>\nISBN 978-2-7234-55416<br \/>\n264 pages<br \/>\nSoft cover<br \/>\nLanguage: French<\/p>\n<a class=\"pixcode  pixcode--btn  btn\">Out of stock<\/a>\n\n<\/div>\n\n<div class=\"col-12  hand-span-6 \">\n\n<p><img loading=\"lazy\" decoding=\"async\" class=\"alignnone wp-image-343 size-medium\" src=\"\/\/www.fredericlecloux.com\/wpfl\/wp-content\/uploads\/2017\/03\/couv_asie_petit.jpg\" alt=\"Lentement vers l'Asie, Gl\u00e9nat, 2006\" width=\"186\" height=\"300\" \/><\/p>\n\n<\/div>\n\n\n<\/div>\n\n<hr class=\"pixcode  pixcode--separator  separator separator--striped\"\/>\n","protected":false},"excerpt":{"rendered":"<p>Istanbul, on the Bosphorus quays\u2026 A sudden desire to leave. Not for an adventure: a journey for the journey, for what it is, that be sufficient onto itslef. A slow drift towards Asia, at the pace of the local people&#8217;s life.<\/p>\n","protected":false},"author":1,"featured_media":0,"parent":0,"menu_order":0,"comment_status":"closed","ping_status":"closed","template":"","meta":{"footnotes":""},"class_list":["post-4427","page","type-page","status-publish","hentry"],"yoast_head":"<!-- This site is optimized with the Yoast SEO plugin v27.2 - https:\/\/yoast.com\/product\/yoast-seo-wordpress\/ -->\n<title>Lentement vers l&#039;Asie - Fr\u00e9d\u00e9ric Lecloux<\/title>\n<meta name=\"description\" content=\"Lentement vers l&#039;Asie - Fr\u00e9d\u00e9ric Lecloux\" \/>\n<meta name=\"robots\" content=\"index, follow, max-snippet:-1, max-image-preview:large, max-video-preview:-1\" \/>\n<link rel=\"canonical\" href=\"https:\/\/www.fredericlecloux.com\/en\/lentement-vers-lasie\/\" \/>\n<script type=\"application\/ld+json\" class=\"yoast-schema-graph\">{\"@context\":\"https:\/\/schema.org\",\"@graph\":[{\"@type\":\"WebPage\",\"@id\":\"https:\/\/www.fredericlecloux.com\/en\/lentement-vers-lasie\/\",\"url\":\"https:\/\/www.fredericlecloux.com\/en\/lentement-vers-lasie\/\",\"name\":\"Lentement vers l'Asie - Fr\u00e9d\u00e9ric Lecloux\",\"isPartOf\":{\"@id\":\"https:\/\/www.fredericlecloux.com\/#website\"},\"datePublished\":\"2017-03-09T20:06:41+00:00\",\"dateModified\":\"2018-02-14T09:16:38+00:00\",\"description\":\"Lentement vers l'Asie - Fr\u00e9d\u00e9ric Lecloux\",\"breadcrumb\":{\"@id\":\"https:\/\/www.fredericlecloux.com\/en\/lentement-vers-lasie\/#breadcrumb\"},\"inLanguage\":\"en-US\",\"potentialAction\":[{\"@type\":\"ReadAction\",\"target\":[\"https:\/\/www.fredericlecloux.com\/en\/lentement-vers-lasie\/\"]}]},{\"@type\":\"BreadcrumbList\",\"@id\":\"https:\/\/www.fredericlecloux.com\/en\/lentement-vers-lasie\/#breadcrumb\",\"itemListElement\":[{\"@type\":\"ListItem\",\"position\":1,\"name\":\"Accueil\",\"item\":\"https:\/\/www.fredericlecloux.com\/en\/\"},{\"@type\":\"ListItem\",\"position\":2,\"name\":\"Lentement vers l&#8217;Asie\"}]},{\"@type\":\"WebSite\",\"@id\":\"https:\/\/www.fredericlecloux.com\/#website\",\"url\":\"https:\/\/www.fredericlecloux.com\/\",\"name\":\"Fr\u00e9d\u00e9ric Lecloux\",\"description\":\"Photographer\",\"publisher\":{\"@id\":\"https:\/\/www.fredericlecloux.com\/#\/schema\/person\/28b8bff60a0a09d3f95842a1cab1ca01\"},\"potentialAction\":[{\"@type\":\"SearchAction\",\"target\":{\"@type\":\"EntryPoint\",\"urlTemplate\":\"https:\/\/www.fredericlecloux.com\/?s={search_term_string}\"},\"query-input\":{\"@type\":\"PropertyValueSpecification\",\"valueRequired\":true,\"valueName\":\"search_term_string\"}}],\"inLanguage\":\"en-US\"},{\"@type\":[\"Person\",\"Organization\"],\"@id\":\"https:\/\/www.fredericlecloux.com\/#\/schema\/person\/28b8bff60a0a09d3f95842a1cab1ca01\",\"name\":\"Fr\u00e9d\u00e9ric Lecloux\",\"logo\":{\"@id\":\"https:\/\/www.fredericlecloux.com\/#\/schema\/person\/image\/\"}}]}<\/script>\n<!-- \/ Yoast SEO plugin. -->","yoast_head_json":{"title":"Lentement vers l'Asie - Fr\u00e9d\u00e9ric Lecloux","description":"Lentement vers l'Asie - Fr\u00e9d\u00e9ric Lecloux","robots":{"index":"index","follow":"follow","max-snippet":"max-snippet:-1","max-image-preview":"max-image-preview:large","max-video-preview":"max-video-preview:-1"},"canonical":"https:\/\/www.fredericlecloux.com\/en\/lentement-vers-lasie\/","schema":{"@context":"https:\/\/schema.org","@graph":[{"@type":"WebPage","@id":"https:\/\/www.fredericlecloux.com\/en\/lentement-vers-lasie\/","url":"https:\/\/www.fredericlecloux.com\/en\/lentement-vers-lasie\/","name":"Lentement vers l'Asie - Fr\u00e9d\u00e9ric Lecloux","isPartOf":{"@id":"https:\/\/www.fredericlecloux.com\/#website"},"datePublished":"2017-03-09T20:06:41+00:00","dateModified":"2018-02-14T09:16:38+00:00","description":"Lentement vers l'Asie - Fr\u00e9d\u00e9ric Lecloux","breadcrumb":{"@id":"https:\/\/www.fredericlecloux.com\/en\/lentement-vers-lasie\/#breadcrumb"},"inLanguage":"en-US","potentialAction":[{"@type":"ReadAction","target":["https:\/\/www.fredericlecloux.com\/en\/lentement-vers-lasie\/"]}]},{"@type":"BreadcrumbList","@id":"https:\/\/www.fredericlecloux.com\/en\/lentement-vers-lasie\/#breadcrumb","itemListElement":[{"@type":"ListItem","position":1,"name":"Accueil","item":"https:\/\/www.fredericlecloux.com\/en\/"},{"@type":"ListItem","position":2,"name":"Lentement vers l&#8217;Asie"}]},{"@type":"WebSite","@id":"https:\/\/www.fredericlecloux.com\/#website","url":"https:\/\/www.fredericlecloux.com\/","name":"Fr\u00e9d\u00e9ric Lecloux","description":"Photographer","publisher":{"@id":"https:\/\/www.fredericlecloux.com\/#\/schema\/person\/28b8bff60a0a09d3f95842a1cab1ca01"},"potentialAction":[{"@type":"SearchAction","target":{"@type":"EntryPoint","urlTemplate":"https:\/\/www.fredericlecloux.com\/?s={search_term_string}"},"query-input":{"@type":"PropertyValueSpecification","valueRequired":true,"valueName":"search_term_string"}}],"inLanguage":"en-US"},{"@type":["Person","Organization"],"@id":"https:\/\/www.fredericlecloux.com\/#\/schema\/person\/28b8bff60a0a09d3f95842a1cab1ca01","name":"Fr\u00e9d\u00e9ric Lecloux","logo":{"@id":"https:\/\/www.fredericlecloux.com\/#\/schema\/person\/image\/"}}]}},"_links":{"self":[{"href":"https:\/\/www.fredericlecloux.com\/en\/wp-json\/wp\/v2\/pages\/4427","targetHints":{"allow":["GET"]}}],"collection":[{"href":"https:\/\/www.fredericlecloux.com\/en\/wp-json\/wp\/v2\/pages"}],"about":[{"href":"https:\/\/www.fredericlecloux.com\/en\/wp-json\/wp\/v2\/types\/page"}],"author":[{"embeddable":true,"href":"https:\/\/www.fredericlecloux.com\/en\/wp-json\/wp\/v2\/users\/1"}],"replies":[{"embeddable":true,"href":"https:\/\/www.fredericlecloux.com\/en\/wp-json\/wp\/v2\/comments?post=4427"}],"version-history":[{"count":0,"href":"https:\/\/www.fredericlecloux.com\/en\/wp-json\/wp\/v2\/pages\/4427\/revisions"}],"wp:attachment":[{"href":"https:\/\/www.fredericlecloux.com\/en\/wp-json\/wp\/v2\/media?parent=4427"}],"curies":[{"name":"wp","href":"https:\/\/api.w.org\/{rel}","templated":true}]}}