{"id":41,"date":"2015-07-14T09:29:39","date_gmt":"2015-07-14T09:43:51","guid":{"rendered":"http:\/\/www.fredericlecloux.com\/wpfl\/?page_id=41"},"modified":"2023-05-25T14:00:43","modified_gmt":"2023-05-25T13:00:43","slug":"biography","status":"publish","type":"page","link":"https:\/\/www.fredericlecloux.com\/en\/biography\/","title":{"rendered":"Fr\u00e9d\u00e9ric Lecloux"},"content":{"rendered":"<h4>Biography<\/h4>\n<p>Fr\u00e9d\u00e9ric Lecloux is a Belgian-French photographer and writer born in 1972.<br \/>\nHis photographs are distributed by VU\u2019 Agency in Paris since 2003.<br \/>\nAutodidact, he graduated at a later stage from the \u00c9cole nationale sup\u00e9rieure de la photographie in Arles (2016) and in Nepali language form the Institut national de langues et civilisations orientales in Paris (2021).<br \/>\nHe is the author of several books of texts and photographs, among which <em>To the Desert<\/em> (2022), <em>Territoires du cin\u00e9matographe<\/em> (2022), <em>Nepal. Epiphanies of the Everyday<\/em> (2017), and <em>L\u2019Usure du monde<\/em> (2008). All are published by Le Bec en l\u2019air, a photobook publisher for which he also works as an associate editor.<br \/>\nFirst guest of rn7\u2019s Les Nouvelles oubli\u00e9es residency in 2019, he is also a recipient of the Leverhulme Trust Artist in Residence Grant (Great Britain) in 2016 and of the Cnap documentary grant (Paris) in 2015.<br \/>\nHe taught numerous workshops aimed at questionning the usages of photography with, among others, photo.circle (Nepal), the Rencontres d\u2019Arles and in school context. He now guides photographers looking to turn professionnal, mainly through VU\u2019 \u00c9ducation.<br \/>\nHe runs a blog on which he posts translations, interviews, analysises and critical texts about photography.<\/p>\n<h4><span class=\"normalen\">Statement<\/span><\/h4>\n<p><a href=\"..\/a-photograph\/\" target=\"_blank\" rel=\"noopener noreferrer\">A photograph<\/a>.<\/p>\n<h4>Downloads<\/h4>\n<p><a href=\"..\/..\/downloads\/lecloux_resume.pdf\" target=\"_blank\" rel=\"noopener noreferrer\"><i class=\"pixcode  pixcode--icon  icon-e-feather      \"><\/i><\/a> Curriculum (last updated in October 2022)<br \/>\n<a href=\"..\/..\/downloads\/frederic_lecloux_2016.jpg\" target=\"_blank\" rel=\"noopener noreferrer\"><i class=\"pixcode  pixcode--icon  icon-e-user      \"><\/i><\/a> A portrait (compulsory mention: Birgunj, Nepal, 2016, photo \u00a9 Manish Paudel)<br \/>\n<a href=\"..\/..\/downloads\/frederic_lecloux_2017.jpg\" target=\"_blank\" rel=\"noopener noreferrer\"><i class=\"pixcode  pixcode--icon  icon-e-user      \"><\/i><\/a> A black and white portrait (compulsory mention: Nyons, France, 2017, photo \u00a9 Florian Tourneux)<\/p>\n<h4>Exhibitions<\/h4>\n<p><a href=\"\/en\/exhibitions\/\" target=\"_blank\" rel=\"noopener noreferrer\">fredericlecloux.com\/exhibitions\/<\/a><\/p>\n<h4>Contact<\/h4>\n<p>fred [at] fredericlecloux.com<\/p>\n","protected":false},"excerpt":{"rendered":"<p>Biography Fr\u00e9d\u00e9ric Lecloux is a Belgian-French photographer and writer born in 1972. His photographs are distributed by VU\u2019 Agency in Paris since 2003. Autodidact, he graduated at a later stage from the \u00c9cole nationale sup\u00e9rieure de la photographie in Arles (2016) and in Nepali language form the Institut national de langues et civilisations orientales in Paris (2021). He is the author of several books of texts and photographs, among which To the Desert (2022), Territoires du cin\u00e9matographe (2022), Nepal. Epiphanies of the Everyday (2017), and L\u2019Usure du monde (2008). All are published by Le Bec en l\u2019air, a photobook publisher [&hellip;]<\/p>\n","protected":false},"author":1,"featured_media":0,"parent":0,"menu_order":0,"comment_status":"closed","ping_status":"closed","template":"","meta":{"footnotes":""},"class_list":["post-41","page","type-page","status-publish","hentry"],"yoast_head":"<!-- This site is optimized with the Yoast SEO plugin v27.5 - https:\/\/yoast.com\/product\/yoast-seo-wordpress\/ -->\n<title>Fr\u00e9d\u00e9ric Lecloux - photographer and writer - biography<\/title>\n<meta name=\"description\" content=\"Fr\u00e9d\u00e9ric Lecloux is a Belgian-French photographer born in 1972. His work is distributed by VU&#039; agency and published by Le Bec en l&#039;air.\" \/>\n<meta name=\"robots\" content=\"index, follow, max-snippet:-1, max-image-preview:large, max-video-preview:-1\" \/>\n<link rel=\"canonical\" href=\"https:\/\/www.fredericlecloux.com\/en\/biography\/\" \/>\n<meta name=\"twitter:label1\" content=\"Est. reading time\" \/>\n\t<meta name=\"twitter:data1\" content=\"2 minutes\" \/>\n<script type=\"application\/ld+json\" class=\"yoast-schema-graph\">{\"@context\":\"https:\\\/\\\/schema.org\",\"@graph\":[{\"@type\":\"WebPage\",\"@id\":\"https:\\\/\\\/www.fredericlecloux.com\\\/en\\\/biography\\\/\",\"url\":\"https:\\\/\\\/www.fredericlecloux.com\\\/en\\\/biography\\\/\",\"name\":\"Fr\u00e9d\u00e9ric Lecloux - photographer and writer - biography\",\"isPartOf\":{\"@id\":\"https:\\\/\\\/www.fredericlecloux.com\\\/#website\"},\"datePublished\":\"2015-07-14T09:43:51+00:00\",\"dateModified\":\"2023-05-25T13:00:43+00:00\",\"description\":\"Fr\u00e9d\u00e9ric Lecloux is a Belgian-French photographer born in 1972. His work is distributed by VU' agency and published by Le Bec en l'air.\",\"breadcrumb\":{\"@id\":\"https:\\\/\\\/www.fredericlecloux.com\\\/en\\\/biography\\\/#breadcrumb\"},\"inLanguage\":\"en-US\",\"potentialAction\":[{\"@type\":\"ReadAction\",\"target\":[\"https:\\\/\\\/www.fredericlecloux.com\\\/en\\\/biography\\\/\"]}]},{\"@type\":\"BreadcrumbList\",\"@id\":\"https:\\\/\\\/www.fredericlecloux.com\\\/en\\\/biography\\\/#breadcrumb\",\"itemListElement\":[{\"@type\":\"ListItem\",\"position\":1,\"name\":\"Accueil\",\"item\":\"https:\\\/\\\/www.fredericlecloux.com\\\/en\\\/\"},{\"@type\":\"ListItem\",\"position\":2,\"name\":\"Fr\u00e9d\u00e9ric Lecloux\"}]},{\"@type\":\"WebSite\",\"@id\":\"https:\\\/\\\/www.fredericlecloux.com\\\/#website\",\"url\":\"https:\\\/\\\/www.fredericlecloux.com\\\/\",\"name\":\"Fr\u00e9d\u00e9ric Lecloux\",\"description\":\"Photographer\",\"publisher\":{\"@id\":\"https:\\\/\\\/www.fredericlecloux.com\\\/#\\\/schema\\\/person\\\/28b8bff60a0a09d3f95842a1cab1ca01\"},\"potentialAction\":[{\"@type\":\"SearchAction\",\"target\":{\"@type\":\"EntryPoint\",\"urlTemplate\":\"https:\\\/\\\/www.fredericlecloux.com\\\/?s={search_term_string}\"},\"query-input\":{\"@type\":\"PropertyValueSpecification\",\"valueRequired\":true,\"valueName\":\"search_term_string\"}}],\"inLanguage\":\"en-US\"},{\"@type\":[\"Person\",\"Organization\"],\"@id\":\"https:\\\/\\\/www.fredericlecloux.com\\\/#\\\/schema\\\/person\\\/28b8bff60a0a09d3f95842a1cab1ca01\",\"name\":\"Fr\u00e9d\u00e9ric Lecloux\",\"logo\":{\"@id\":\"https:\\\/\\\/www.fredericlecloux.com\\\/#\\\/schema\\\/person\\\/image\\\/\"}}]}<\/script>\n<!-- \/ Yoast SEO plugin. -->","yoast_head_json":{"title":"Fr\u00e9d\u00e9ric Lecloux - photographer and writer - biography","description":"Fr\u00e9d\u00e9ric Lecloux is a Belgian-French photographer born in 1972. His work is distributed by VU' agency and published by Le Bec en l'air.","robots":{"index":"index","follow":"follow","max-snippet":"max-snippet:-1","max-image-preview":"max-image-preview:large","max-video-preview":"max-video-preview:-1"},"canonical":"https:\/\/www.fredericlecloux.com\/en\/biography\/","twitter_misc":{"Est. reading time":"2 minutes"},"schema":{"@context":"https:\/\/schema.org","@graph":[{"@type":"WebPage","@id":"https:\/\/www.fredericlecloux.com\/en\/biography\/","url":"https:\/\/www.fredericlecloux.com\/en\/biography\/","name":"Fr\u00e9d\u00e9ric Lecloux - photographer and writer - biography","isPartOf":{"@id":"https:\/\/www.fredericlecloux.com\/#website"},"datePublished":"2015-07-14T09:43:51+00:00","dateModified":"2023-05-25T13:00:43+00:00","description":"Fr\u00e9d\u00e9ric Lecloux is a Belgian-French photographer born in 1972. His work is distributed by VU' agency and published by Le Bec en l'air.","breadcrumb":{"@id":"https:\/\/www.fredericlecloux.com\/en\/biography\/#breadcrumb"},"inLanguage":"en-US","potentialAction":[{"@type":"ReadAction","target":["https:\/\/www.fredericlecloux.com\/en\/biography\/"]}]},{"@type":"BreadcrumbList","@id":"https:\/\/www.fredericlecloux.com\/en\/biography\/#breadcrumb","itemListElement":[{"@type":"ListItem","position":1,"name":"Accueil","item":"https:\/\/www.fredericlecloux.com\/en\/"},{"@type":"ListItem","position":2,"name":"Fr\u00e9d\u00e9ric Lecloux"}]},{"@type":"WebSite","@id":"https:\/\/www.fredericlecloux.com\/#website","url":"https:\/\/www.fredericlecloux.com\/","name":"Fr\u00e9d\u00e9ric Lecloux","description":"Photographer","publisher":{"@id":"https:\/\/www.fredericlecloux.com\/#\/schema\/person\/28b8bff60a0a09d3f95842a1cab1ca01"},"potentialAction":[{"@type":"SearchAction","target":{"@type":"EntryPoint","urlTemplate":"https:\/\/www.fredericlecloux.com\/?s={search_term_string}"},"query-input":{"@type":"PropertyValueSpecification","valueRequired":true,"valueName":"search_term_string"}}],"inLanguage":"en-US"},{"@type":["Person","Organization"],"@id":"https:\/\/www.fredericlecloux.com\/#\/schema\/person\/28b8bff60a0a09d3f95842a1cab1ca01","name":"Fr\u00e9d\u00e9ric Lecloux","logo":{"@id":"https:\/\/www.fredericlecloux.com\/#\/schema\/person\/image\/"}}]}},"_links":{"self":[{"href":"https:\/\/www.fredericlecloux.com\/en\/wp-json\/wp\/v2\/pages\/41","targetHints":{"allow":["GET"]}}],"collection":[{"href":"https:\/\/www.fredericlecloux.com\/en\/wp-json\/wp\/v2\/pages"}],"about":[{"href":"https:\/\/www.fredericlecloux.com\/en\/wp-json\/wp\/v2\/types\/page"}],"author":[{"embeddable":true,"href":"https:\/\/www.fredericlecloux.com\/en\/wp-json\/wp\/v2\/users\/1"}],"replies":[{"embeddable":true,"href":"https:\/\/www.fredericlecloux.com\/en\/wp-json\/wp\/v2\/comments?post=41"}],"version-history":[{"count":0,"href":"https:\/\/www.fredericlecloux.com\/en\/wp-json\/wp\/v2\/pages\/41\/revisions"}],"wp:attachment":[{"href":"https:\/\/www.fredericlecloux.com\/en\/wp-json\/wp\/v2\/media?parent=41"}],"curies":[{"name":"wp","href":"https:\/\/api.w.org\/{rel}","templated":true}]}}